{"id":966,"date":"2024-01-09T18:30:15","date_gmt":"2024-01-09T18:30:15","guid":{"rendered":"https:\/\/mariamorenoarte.com\/?post_type=product&#038;p=966"},"modified":"2024-01-27T17:32:37","modified_gmt":"2024-01-27T17:32:37","slug":"tierra-que-permanece","status":"publish","type":"product","link":"https:\/\/mariamorenoarte.com\/en\/product\/tierra-que-permanece","title":{"rendered":"\u00abTierra que permanece\u00bb"},"content":{"rendered":"<p>Serie \u00abP\u00e1jaros Ra\u00edces. Aproximaciones a un paisaje figurado\u00bb<br \/>\nT\u00e9cnica: Impresi\u00f3n Gicl\u00e9e. Inyecci\u00f3n de tintas pigmentadas al agua sobre papel de algod\u00f3n libre de \u00e1cido.<\/p>\n<p>Edici\u00f3n limitada, numerada y firmada a mano desde la 1\/20 a la 20\/20.<\/p>","protected":false},"excerpt":{"rendered":"<p>Serie \u00abP\u00e1jaros Ra\u00edces. Aproximaciones a un paisaje figurado\u00bb T\u00e9cnica: Impresi\u00f3n Gicl\u00e9e. Inyecci\u00f3n de tintas pigmentadas al agua sobre papel de algod\u00f3n libre de \u00e1cido. Edici\u00f3n limitada, numerada y firmada a mano desde la 1\/20 a la 20\/20.<\/p>","protected":false},"featured_media":967,"comment_status":"open","ping_status":"closed","template":"","meta":{"_et_pb_use_builder":"","_et_pb_old_content":"","_et_gb_content_width":""},"product_brand":[],"product_cat":[24,27],"product_tag":[],"class_list":{"0":"post-966","1":"product","2":"type-product","3":"status-publish","4":"has-post-thumbnail","6":"product_cat-sin-categorizar","7":"product_cat-prints","9":"first","10":"instock","11":"taxable","12":"shipping-taxable","13":"purchasable","14":"product-type-variable"},"yoast_head":"<!-- This site is optimized with the Yoast SEO plugin v25.6 - https:\/\/yoast.com\/wordpress\/plugins\/seo\/ -->\n<title>&quot;Tierra que permanece&quot; - Maria Moreno<\/title>\n<meta name=\"robots\" content=\"index, follow, max-snippet:-1, max-image-preview:large, max-video-preview:-1\" \/>\n<link rel=\"canonical\" href=\"https:\/\/mariamorenoarte.com\/en\/product\/tierra-que-permanece\/\" \/>\n<meta property=\"og:locale\" content=\"en_GB\" \/>\n<meta property=\"og:type\" content=\"article\" \/>\n<meta property=\"og:title\" content=\"&quot;Tierra que permanece&quot; - Maria Moreno\" \/>\n<meta property=\"og:description\" content=\"Serie \u00abP\u00e1jaros Ra\u00edces. Aproximaciones a un paisaje figurado\u00bb T\u00e9cnica: Impresi\u00f3n Gicl\u00e9e. Inyecci\u00f3n de tintas pigmentadas al agua sobre papel de algod\u00f3n libre de \u00e1cido. Edici\u00f3n limitada, numerada y firmada a mano desde la 1\/20 a la 20\/20.\" \/>\n<meta property=\"og:url\" content=\"https:\/\/mariamorenoarte.com\/en\/product\/tierra-que-permanece\/\" \/>\n<meta property=\"og:site_name\" content=\"Maria Moreno\" \/>\n<meta property=\"article:modified_time\" content=\"2024-01-27T17:32:37+00:00\" \/>\n<meta property=\"og:image\" content=\"https:\/\/mariamorenoarte.com\/wp-content\/uploads\/2024\/01\/Sin-titulo-1024x1024.png\" \/>\n\t<meta property=\"og:image:width\" content=\"1024\" \/>\n\t<meta property=\"og:image:height\" content=\"1024\" \/>\n\t<meta property=\"og:image:type\" content=\"image\/png\" \/>\n<meta name=\"twitter:card\" content=\"summary_large_image\" \/>\n<script type=\"application\/ld+json\" class=\"yoast-schema-graph\">{\"@context\":\"https:\/\/schema.org\",\"@graph\":[{\"@type\":\"WebPage\",\"@id\":\"https:\/\/mariamorenoarte.com\/producto\/tierra-que-permanece\",\"url\":\"https:\/\/mariamorenoarte.com\/producto\/tierra-que-permanece\",\"name\":\"\\\"Tierra que permanece\\\" - Maria Moreno\",\"isPartOf\":{\"@id\":\"https:\/\/mariamorenoarte.com\/#website\"},\"primaryImageOfPage\":{\"@id\":\"https:\/\/mariamorenoarte.com\/producto\/tierra-que-permanece#primaryimage\"},\"image\":{\"@id\":\"https:\/\/mariamorenoarte.com\/producto\/tierra-que-permanece#primaryimage\"},\"thumbnailUrl\":\"https:\/\/mariamorenoarte.com\/wp-content\/uploads\/2024\/01\/Sin-titulo.png\",\"datePublished\":\"2024-01-09T18:30:15+00:00\",\"dateModified\":\"2024-01-27T17:32:37+00:00\",\"breadcrumb\":{\"@id\":\"https:\/\/mariamorenoarte.com\/producto\/tierra-que-permanece#breadcrumb\"},\"inLanguage\":\"en-GB\",\"potentialAction\":[{\"@type\":\"ReadAction\",\"target\":[\"https:\/\/mariamorenoarte.com\/producto\/tierra-que-permanece\"]}]},{\"@type\":\"ImageObject\",\"inLanguage\":\"en-GB\",\"@id\":\"https:\/\/mariamorenoarte.com\/producto\/tierra-que-permanece#primaryimage\",\"url\":\"https:\/\/mariamorenoarte.com\/wp-content\/uploads\/2024\/01\/Sin-titulo.png\",\"contentUrl\":\"https:\/\/mariamorenoarte.com\/wp-content\/uploads\/2024\/01\/Sin-titulo.png\",\"width\":1249,\"height\":871},{\"@type\":\"BreadcrumbList\",\"@id\":\"https:\/\/mariamorenoarte.com\/producto\/tierra-que-permanece#breadcrumb\",\"itemListElement\":[{\"@type\":\"ListItem\",\"position\":1,\"name\":\"Portada\",\"item\":\"https:\/\/mariamorenoarte.com\/\"},{\"@type\":\"ListItem\",\"position\":2,\"name\":\"Tienda\",\"item\":\"https:\/\/mariamorenoarte.com\/en\/tienda\"},{\"@type\":\"ListItem\",\"position\":3,\"name\":\"&#8220;Tierra que permanece&#8221;\"}]},{\"@type\":\"WebSite\",\"@id\":\"https:\/\/mariamorenoarte.com\/#website\",\"url\":\"https:\/\/mariamorenoarte.com\/\",\"name\":\"Maria Moreno\",\"description\":\"Tienda Online\",\"potentialAction\":[{\"@type\":\"SearchAction\",\"target\":{\"@type\":\"EntryPoint\",\"urlTemplate\":\"https:\/\/mariamorenoarte.com\/?s={search_term_string}\"},\"query-input\":{\"@type\":\"PropertyValueSpecification\",\"valueRequired\":true,\"valueName\":\"search_term_string\"}}],\"inLanguage\":\"en-GB\"}]}<\/script>\n<!-- \/ Yoast SEO plugin. -->","yoast_head_json":{"title":"\"Tierra que permanece\" - Maria Moreno","robots":{"index":"index","follow":"follow","max-snippet":"max-snippet:-1","max-image-preview":"max-image-preview:large","max-video-preview":"max-video-preview:-1"},"canonical":"https:\/\/mariamorenoarte.com\/en\/product\/tierra-que-permanece\/","og_locale":"en_GB","og_type":"article","og_title":"\"Tierra que permanece\" - Maria Moreno","og_description":"Serie \u00abP\u00e1jaros Ra\u00edces. Aproximaciones a un paisaje figurado\u00bb T\u00e9cnica: Impresi\u00f3n Gicl\u00e9e. Inyecci\u00f3n de tintas pigmentadas al agua sobre papel de algod\u00f3n libre de \u00e1cido. Edici\u00f3n limitada, numerada y firmada a mano desde la 1\/20 a la 20\/20.","og_url":"https:\/\/mariamorenoarte.com\/en\/product\/tierra-que-permanece\/","og_site_name":"Maria Moreno","article_modified_time":"2024-01-27T17:32:37+00:00","og_image":[{"width":1024,"height":1024,"url":"https:\/\/mariamorenoarte.com\/wp-content\/uploads\/2024\/01\/Sin-titulo-1024x1024.png","type":"image\/png"}],"twitter_card":"summary_large_image","schema":{"@context":"https:\/\/schema.org","@graph":[{"@type":"WebPage","@id":"https:\/\/mariamorenoarte.com\/producto\/tierra-que-permanece","url":"https:\/\/mariamorenoarte.com\/producto\/tierra-que-permanece","name":"\"Tierra que permanece\" - Maria Moreno","isPartOf":{"@id":"https:\/\/mariamorenoarte.com\/#website"},"primaryImageOfPage":{"@id":"https:\/\/mariamorenoarte.com\/producto\/tierra-que-permanece#primaryimage"},"image":{"@id":"https:\/\/mariamorenoarte.com\/producto\/tierra-que-permanece#primaryimage"},"thumbnailUrl":"https:\/\/mariamorenoarte.com\/wp-content\/uploads\/2024\/01\/Sin-titulo.png","datePublished":"2024-01-09T18:30:15+00:00","dateModified":"2024-01-27T17:32:37+00:00","breadcrumb":{"@id":"https:\/\/mariamorenoarte.com\/producto\/tierra-que-permanece#breadcrumb"},"inLanguage":"en-GB","potentialAction":[{"@type":"ReadAction","target":["https:\/\/mariamorenoarte.com\/producto\/tierra-que-permanece"]}]},{"@type":"ImageObject","inLanguage":"en-GB","@id":"https:\/\/mariamorenoarte.com\/producto\/tierra-que-permanece#primaryimage","url":"https:\/\/mariamorenoarte.com\/wp-content\/uploads\/2024\/01\/Sin-titulo.png","contentUrl":"https:\/\/mariamorenoarte.com\/wp-content\/uploads\/2024\/01\/Sin-titulo.png","width":1249,"height":871},{"@type":"BreadcrumbList","@id":"https:\/\/mariamorenoarte.com\/producto\/tierra-que-permanece#breadcrumb","itemListElement":[{"@type":"ListItem","position":1,"name":"Portada","item":"https:\/\/mariamorenoarte.com\/"},{"@type":"ListItem","position":2,"name":"Tienda","item":"https:\/\/mariamorenoarte.com\/en\/tienda"},{"@type":"ListItem","position":3,"name":"&#8220;Tierra que permanece&#8221;"}]},{"@type":"WebSite","@id":"https:\/\/mariamorenoarte.com\/#website","url":"https:\/\/mariamorenoarte.com\/","name":"Maria Moreno","description":"Online Shop","potentialAction":[{"@type":"SearchAction","target":{"@type":"EntryPoint","urlTemplate":"https:\/\/mariamorenoarte.com\/?s={search_term_string}"},"query-input":{"@type":"PropertyValueSpecification","valueRequired":true,"valueName":"search_term_string"}}],"inLanguage":"en-GB"}]}},"_links":{"self":[{"href":"https:\/\/mariamorenoarte.com\/en\/wp-json\/wp\/v2\/product\/966"}],"collection":[{"href":"https:\/\/mariamorenoarte.com\/en\/wp-json\/wp\/v2\/product"}],"about":[{"href":"https:\/\/mariamorenoarte.com\/en\/wp-json\/wp\/v2\/types\/product"}],"replies":[{"embeddable":true,"href":"https:\/\/mariamorenoarte.com\/en\/wp-json\/wp\/v2\/comments?post=966"}],"wp:featuredmedia":[{"embeddable":true,"href":"https:\/\/mariamorenoarte.com\/en\/wp-json\/wp\/v2\/media\/967"}],"wp:attachment":[{"href":"https:\/\/mariamorenoarte.com\/en\/wp-json\/wp\/v2\/media?parent=966"}],"wp:term":[{"taxonomy":"product_brand","embeddable":true,"href":"https:\/\/mariamorenoarte.com\/en\/wp-json\/wp\/v2\/product_brand?post=966"},{"taxonomy":"product_cat","embeddable":true,"href":"https:\/\/mariamorenoarte.com\/en\/wp-json\/wp\/v2\/product_cat?post=966"},{"taxonomy":"product_tag","embeddable":true,"href":"https:\/\/mariamorenoarte.com\/en\/wp-json\/wp\/v2\/product_tag?post=966"}],"curies":[{"name":"wp","href":"https:\/\/api.w.org\/{rel}","templated":true}]}}