{"id":958,"date":"2024-01-09T18:16:54","date_gmt":"2024-01-09T18:16:54","guid":{"rendered":"https:\/\/mariamorenoarte.com\/?post_type=product&#038;p=958"},"modified":"2024-01-28T16:51:51","modified_gmt":"2024-01-28T16:51:51","slug":"en-el-fondo-del-cabo-s-t","status":"publish","type":"product","link":"https:\/\/mariamorenoarte.com\/en\/product\/en-el-fondo-del-cabo-s-t","title":{"rendered":"\u00abEn el fondo del Cabo, S\/T\u00bb."},"content":{"rendered":"<p>Serie: \u00abEn el fondo del Cabo\u00bb<br \/>\nT\u00e9cnica: Impresi\u00f3n Gicl\u00e8e. Tintas inyectadas al agua sobre papel de algod\u00f3n libre de \u00e1cido.<\/p>\n<p>Edici\u00f3n limitada de veinte ejemplares firmados e iluminados a mano.<br \/>\nPiezas numeradas desde el 1\/20 al 20\/20.<\/p>","protected":false},"excerpt":{"rendered":"<p>Serie: \u00abEn el fondo del Cabo\u00bb T\u00e9cnica: Impresi\u00f3n Gicl\u00e8e. Tintas inyectadas al agua sobre papel de algod\u00f3n libre de \u00e1cido. Edici\u00f3n limitada de veinte ejemplares firmados e iluminados a mano. Piezas numeradas desde el 1\/20 al 20\/20.<\/p>","protected":false},"featured_media":950,"comment_status":"open","ping_status":"closed","template":"","meta":{"_et_pb_use_builder":"","_et_pb_old_content":"","_et_gb_content_width":""},"product_brand":[],"product_cat":[24,27],"product_tag":[],"class_list":{"0":"post-958","1":"product","2":"type-product","3":"status-publish","4":"has-post-thumbnail","6":"product_cat-sin-categorizar","7":"product_cat-prints","9":"first","10":"instock","11":"taxable","12":"shipping-taxable","13":"purchasable","14":"product-type-variable"},"yoast_head":"<!-- This site is optimized with the Yoast SEO plugin v25.6 - https:\/\/yoast.com\/wordpress\/plugins\/seo\/ -->\n<title>&quot;En el fondo del Cabo, S\/T&quot;. - Maria Moreno<\/title>\n<meta name=\"robots\" content=\"index, follow, max-snippet:-1, max-image-preview:large, max-video-preview:-1\" \/>\n<link rel=\"canonical\" href=\"https:\/\/mariamorenoarte.com\/en\/product\/en-el-fondo-del-cabo-s-t\/\" \/>\n<meta property=\"og:locale\" content=\"en_GB\" \/>\n<meta property=\"og:type\" content=\"article\" \/>\n<meta property=\"og:title\" content=\"&quot;En el fondo del Cabo, S\/T&quot;. - Maria Moreno\" \/>\n<meta property=\"og:description\" content=\"Serie: \u00abEn el fondo del Cabo\u00bb T\u00e9cnica: Impresi\u00f3n Gicl\u00e8e. Tintas inyectadas al agua sobre papel de algod\u00f3n libre de \u00e1cido. Edici\u00f3n limitada de veinte ejemplares firmados e iluminados a mano. Piezas numeradas desde el 1\/20 al 20\/20.\" \/>\n<meta property=\"og:url\" content=\"https:\/\/mariamorenoarte.com\/en\/product\/en-el-fondo-del-cabo-s-t\/\" \/>\n<meta property=\"og:site_name\" content=\"Maria Moreno\" \/>\n<meta property=\"article:modified_time\" content=\"2024-01-28T16:51:51+00:00\" \/>\n<meta property=\"og:image\" content=\"https:\/\/mariamorenoarte.com\/wp-content\/uploads\/2024\/01\/Ref-Minis.-13-x-19-cm-2.jpg\" \/>\n\t<meta property=\"og:image:width\" content=\"1821\" \/>\n\t<meta property=\"og:image:height\" content=\"2503\" \/>\n\t<meta property=\"og:image:type\" content=\"image\/jpeg\" \/>\n<meta name=\"twitter:card\" content=\"summary_large_image\" \/>\n<script type=\"application\/ld+json\" class=\"yoast-schema-graph\">{\"@context\":\"https:\/\/schema.org\",\"@graph\":[{\"@type\":\"WebPage\",\"@id\":\"https:\/\/mariamorenoarte.com\/producto\/en-el-fondo-del-cabo-s-t\",\"url\":\"https:\/\/mariamorenoarte.com\/producto\/en-el-fondo-del-cabo-s-t\",\"name\":\"\\\"En el fondo del Cabo, S\/T\\\". - Maria Moreno\",\"isPartOf\":{\"@id\":\"https:\/\/mariamorenoarte.com\/#website\"},\"primaryImageOfPage\":{\"@id\":\"https:\/\/mariamorenoarte.com\/producto\/en-el-fondo-del-cabo-s-t#primaryimage\"},\"image\":{\"@id\":\"https:\/\/mariamorenoarte.com\/producto\/en-el-fondo-del-cabo-s-t#primaryimage\"},\"thumbnailUrl\":\"https:\/\/mariamorenoarte.com\/wp-content\/uploads\/2024\/01\/Ref-Minis.-13-x-19-cm-2.jpg\",\"datePublished\":\"2024-01-09T18:16:54+00:00\",\"dateModified\":\"2024-01-28T16:51:51+00:00\",\"breadcrumb\":{\"@id\":\"https:\/\/mariamorenoarte.com\/producto\/en-el-fondo-del-cabo-s-t#breadcrumb\"},\"inLanguage\":\"en-GB\",\"potentialAction\":[{\"@type\":\"ReadAction\",\"target\":[\"https:\/\/mariamorenoarte.com\/producto\/en-el-fondo-del-cabo-s-t\"]}]},{\"@type\":\"ImageObject\",\"inLanguage\":\"en-GB\",\"@id\":\"https:\/\/mariamorenoarte.com\/producto\/en-el-fondo-del-cabo-s-t#primaryimage\",\"url\":\"https:\/\/mariamorenoarte.com\/wp-content\/uploads\/2024\/01\/Ref-Minis.-13-x-19-cm-2.jpg\",\"contentUrl\":\"https:\/\/mariamorenoarte.com\/wp-content\/uploads\/2024\/01\/Ref-Minis.-13-x-19-cm-2.jpg\",\"width\":1821,\"height\":2503},{\"@type\":\"BreadcrumbList\",\"@id\":\"https:\/\/mariamorenoarte.com\/producto\/en-el-fondo-del-cabo-s-t#breadcrumb\",\"itemListElement\":[{\"@type\":\"ListItem\",\"position\":1,\"name\":\"Portada\",\"item\":\"https:\/\/mariamorenoarte.com\/\"},{\"@type\":\"ListItem\",\"position\":2,\"name\":\"Tienda\",\"item\":\"https:\/\/mariamorenoarte.com\/en\/tienda\"},{\"@type\":\"ListItem\",\"position\":3,\"name\":\"&#8220;En el fondo del Cabo, S\/T&#8221;.\"}]},{\"@type\":\"WebSite\",\"@id\":\"https:\/\/mariamorenoarte.com\/#website\",\"url\":\"https:\/\/mariamorenoarte.com\/\",\"name\":\"Maria Moreno\",\"description\":\"Tienda Online\",\"potentialAction\":[{\"@type\":\"SearchAction\",\"target\":{\"@type\":\"EntryPoint\",\"urlTemplate\":\"https:\/\/mariamorenoarte.com\/?s={search_term_string}\"},\"query-input\":{\"@type\":\"PropertyValueSpecification\",\"valueRequired\":true,\"valueName\":\"search_term_string\"}}],\"inLanguage\":\"en-GB\"}]}<\/script>\n<!-- \/ Yoast SEO plugin. -->","yoast_head_json":{"title":"\"En el fondo del Cabo, S\/T\". - Maria Moreno","robots":{"index":"index","follow":"follow","max-snippet":"max-snippet:-1","max-image-preview":"max-image-preview:large","max-video-preview":"max-video-preview:-1"},"canonical":"https:\/\/mariamorenoarte.com\/en\/product\/en-el-fondo-del-cabo-s-t\/","og_locale":"en_GB","og_type":"article","og_title":"\"En el fondo del Cabo, S\/T\". - Maria Moreno","og_description":"Serie: \u00abEn el fondo del Cabo\u00bb T\u00e9cnica: Impresi\u00f3n Gicl\u00e8e. Tintas inyectadas al agua sobre papel de algod\u00f3n libre de \u00e1cido. Edici\u00f3n limitada de veinte ejemplares firmados e iluminados a mano. Piezas numeradas desde el 1\/20 al 20\/20.","og_url":"https:\/\/mariamorenoarte.com\/en\/product\/en-el-fondo-del-cabo-s-t\/","og_site_name":"Maria Moreno","article_modified_time":"2024-01-28T16:51:51+00:00","og_image":[{"width":1821,"height":2503,"url":"https:\/\/mariamorenoarte.com\/wp-content\/uploads\/2024\/01\/Ref-Minis.-13-x-19-cm-2.jpg","type":"image\/jpeg"}],"twitter_card":"summary_large_image","schema":{"@context":"https:\/\/schema.org","@graph":[{"@type":"WebPage","@id":"https:\/\/mariamorenoarte.com\/producto\/en-el-fondo-del-cabo-s-t","url":"https:\/\/mariamorenoarte.com\/producto\/en-el-fondo-del-cabo-s-t","name":"\"En el fondo del Cabo, S\/T\". - Maria Moreno","isPartOf":{"@id":"https:\/\/mariamorenoarte.com\/#website"},"primaryImageOfPage":{"@id":"https:\/\/mariamorenoarte.com\/producto\/en-el-fondo-del-cabo-s-t#primaryimage"},"image":{"@id":"https:\/\/mariamorenoarte.com\/producto\/en-el-fondo-del-cabo-s-t#primaryimage"},"thumbnailUrl":"https:\/\/mariamorenoarte.com\/wp-content\/uploads\/2024\/01\/Ref-Minis.-13-x-19-cm-2.jpg","datePublished":"2024-01-09T18:16:54+00:00","dateModified":"2024-01-28T16:51:51+00:00","breadcrumb":{"@id":"https:\/\/mariamorenoarte.com\/producto\/en-el-fondo-del-cabo-s-t#breadcrumb"},"inLanguage":"en-GB","potentialAction":[{"@type":"ReadAction","target":["https:\/\/mariamorenoarte.com\/producto\/en-el-fondo-del-cabo-s-t"]}]},{"@type":"ImageObject","inLanguage":"en-GB","@id":"https:\/\/mariamorenoarte.com\/producto\/en-el-fondo-del-cabo-s-t#primaryimage","url":"https:\/\/mariamorenoarte.com\/wp-content\/uploads\/2024\/01\/Ref-Minis.-13-x-19-cm-2.jpg","contentUrl":"https:\/\/mariamorenoarte.com\/wp-content\/uploads\/2024\/01\/Ref-Minis.-13-x-19-cm-2.jpg","width":1821,"height":2503},{"@type":"BreadcrumbList","@id":"https:\/\/mariamorenoarte.com\/producto\/en-el-fondo-del-cabo-s-t#breadcrumb","itemListElement":[{"@type":"ListItem","position":1,"name":"Portada","item":"https:\/\/mariamorenoarte.com\/"},{"@type":"ListItem","position":2,"name":"Tienda","item":"https:\/\/mariamorenoarte.com\/en\/tienda"},{"@type":"ListItem","position":3,"name":"&#8220;En el fondo del Cabo, S\/T&#8221;."}]},{"@type":"WebSite","@id":"https:\/\/mariamorenoarte.com\/#website","url":"https:\/\/mariamorenoarte.com\/","name":"Maria Moreno","description":"Online Shop","potentialAction":[{"@type":"SearchAction","target":{"@type":"EntryPoint","urlTemplate":"https:\/\/mariamorenoarte.com\/?s={search_term_string}"},"query-input":{"@type":"PropertyValueSpecification","valueRequired":true,"valueName":"search_term_string"}}],"inLanguage":"en-GB"}]}},"_links":{"self":[{"href":"https:\/\/mariamorenoarte.com\/en\/wp-json\/wp\/v2\/product\/958"}],"collection":[{"href":"https:\/\/mariamorenoarte.com\/en\/wp-json\/wp\/v2\/product"}],"about":[{"href":"https:\/\/mariamorenoarte.com\/en\/wp-json\/wp\/v2\/types\/product"}],"replies":[{"embeddable":true,"href":"https:\/\/mariamorenoarte.com\/en\/wp-json\/wp\/v2\/comments?post=958"}],"wp:featuredmedia":[{"embeddable":true,"href":"https:\/\/mariamorenoarte.com\/en\/wp-json\/wp\/v2\/media\/950"}],"wp:attachment":[{"href":"https:\/\/mariamorenoarte.com\/en\/wp-json\/wp\/v2\/media?parent=958"}],"wp:term":[{"taxonomy":"product_brand","embeddable":true,"href":"https:\/\/mariamorenoarte.com\/en\/wp-json\/wp\/v2\/product_brand?post=958"},{"taxonomy":"product_cat","embeddable":true,"href":"https:\/\/mariamorenoarte.com\/en\/wp-json\/wp\/v2\/product_cat?post=958"},{"taxonomy":"product_tag","embeddable":true,"href":"https:\/\/mariamorenoarte.com\/en\/wp-json\/wp\/v2\/product_tag?post=958"}],"curies":[{"name":"wp","href":"https:\/\/api.w.org\/{rel}","templated":true}]}}