{"id":448,"date":"2023-11-05T19:01:44","date_gmt":"2023-11-05T19:01:44","guid":{"rendered":"https:\/\/mariamorenoarte.com\/?post_type=product&#038;p=448"},"modified":"2024-01-31T15:14:18","modified_gmt":"2024-01-31T15:14:18","slug":"disponible-solo-en-print-pequeno-paisaje-mixto-obra-en-tecnica-mixta-sobre-papel-2023","status":"publish","type":"product","link":"https:\/\/mariamorenoarte.com\/en\/product\/disponible-solo-en-print-pequeno-paisaje-mixto-obra-en-tecnica-mixta-sobre-papel-2023","title":{"rendered":"\u00abPeque\u00f1o Paisaje Mixto\u00bb"},"content":{"rendered":"<p>Serie \u00abPaseo por los paisajes mixtos\u00bb<br \/>\nT\u00e9cnica: Impresi\u00f3n Gicl\u00e9e. Inyecci\u00f3n de tintas pigmentadas al agua sobre papel de algod\u00f3n libre de \u00e1cido.<\/p>\n<p>Edici\u00f3n limitada, numerada y firmada a mano desde la 1\/20 a la 20\/20.<\/p>","protected":false},"excerpt":{"rendered":"<p>Serie \u00abPaseo por los paisajes mixtos\u00bb T\u00e9cnica: Impresi\u00f3n Gicl\u00e9e. Inyecci\u00f3n de tintas pigmentadas al agua sobre papel de algod\u00f3n libre de \u00e1cido. Edici\u00f3n limitada, numerada y firmada a mano desde la 1\/20 a la 20\/20.<\/p>","protected":false},"featured_media":436,"comment_status":"open","ping_status":"closed","template":"","meta":{"_et_pb_use_builder":"","_et_pb_old_content":"","_et_gb_content_width":""},"product_brand":[],"product_cat":[27],"product_tag":[],"class_list":{"0":"post-448","1":"product","2":"type-product","3":"status-publish","4":"has-post-thumbnail","6":"product_cat-prints","8":"first","9":"instock","10":"taxable","11":"shipping-taxable","12":"purchasable","13":"product-type-variable"},"yoast_head":"<!-- This site is optimized with the Yoast SEO plugin v25.6 - https:\/\/yoast.com\/wordpress\/plugins\/seo\/ -->\n<title>&quot;Peque\u00f1o Paisaje Mixto&quot; - Maria Moreno<\/title>\n<meta name=\"robots\" content=\"index, follow, max-snippet:-1, max-image-preview:large, max-video-preview:-1\" \/>\n<link rel=\"canonical\" href=\"https:\/\/mariamorenoarte.com\/en\/product\/disponible-solo-en-print-pequeno-paisaje-mixto-obra-en-tecnica-mixta-sobre-papel-2023\/\" \/>\n<meta property=\"og:locale\" content=\"en_GB\" \/>\n<meta property=\"og:type\" content=\"article\" \/>\n<meta property=\"og:title\" content=\"&quot;Peque\u00f1o Paisaje Mixto&quot; - Maria Moreno\" \/>\n<meta property=\"og:description\" content=\"Serie \u00abPaseo por los paisajes mixtos\u00bb T\u00e9cnica: Impresi\u00f3n Gicl\u00e9e. Inyecci\u00f3n de tintas pigmentadas al agua sobre papel de algod\u00f3n libre de \u00e1cido. Edici\u00f3n limitada, numerada y firmada a mano desde la 1\/20 a la 20\/20.\" \/>\n<meta property=\"og:url\" content=\"https:\/\/mariamorenoarte.com\/en\/product\/disponible-solo-en-print-pequeno-paisaje-mixto-obra-en-tecnica-mixta-sobre-papel-2023\/\" \/>\n<meta property=\"og:site_name\" content=\"Maria Moreno\" \/>\n<meta property=\"article:modified_time\" content=\"2024-01-31T15:14:18+00:00\" \/>\n<meta property=\"og:image\" content=\"https:\/\/mariamorenoarte.com\/wp-content\/uploads\/2023\/11\/Maria-Moreno-Serie-Fondo-Del-Cabo_0004_Disponible-solo-en-print.-Pequeno-Paisaje-Mixto.-Obra-en-tecnica-mixta-sobre-pape-e1700042264598.jpg\" \/>\n\t<meta property=\"og:image:width\" content=\"1112\" \/>\n\t<meta property=\"og:image:height\" content=\"907\" \/>\n\t<meta property=\"og:image:type\" content=\"image\/jpeg\" \/>\n<meta name=\"twitter:card\" content=\"summary_large_image\" \/>\n<script type=\"application\/ld+json\" class=\"yoast-schema-graph\">{\"@context\":\"https:\/\/schema.org\",\"@graph\":[{\"@type\":\"WebPage\",\"@id\":\"https:\/\/mariamorenoarte.com\/producto\/disponible-solo-en-print-pequeno-paisaje-mixto-obra-en-tecnica-mixta-sobre-papel-2023\",\"url\":\"https:\/\/mariamorenoarte.com\/producto\/disponible-solo-en-print-pequeno-paisaje-mixto-obra-en-tecnica-mixta-sobre-papel-2023\",\"name\":\"\\\"Peque\u00f1o Paisaje Mixto\\\" - Maria Moreno\",\"isPartOf\":{\"@id\":\"https:\/\/mariamorenoarte.com\/#website\"},\"primaryImageOfPage\":{\"@id\":\"https:\/\/mariamorenoarte.com\/producto\/disponible-solo-en-print-pequeno-paisaje-mixto-obra-en-tecnica-mixta-sobre-papel-2023#primaryimage\"},\"image\":{\"@id\":\"https:\/\/mariamorenoarte.com\/producto\/disponible-solo-en-print-pequeno-paisaje-mixto-obra-en-tecnica-mixta-sobre-papel-2023#primaryimage\"},\"thumbnailUrl\":\"https:\/\/mariamorenoarte.com\/wp-content\/uploads\/2023\/11\/Maria-Moreno-Serie-Fondo-Del-Cabo_0004_Disponible-solo-en-print.-Pequeno-Paisaje-Mixto.-Obra-en-tecnica-mixta-sobre-pape-e1700042264598.jpg\",\"datePublished\":\"2023-11-05T19:01:44+00:00\",\"dateModified\":\"2024-01-31T15:14:18+00:00\",\"breadcrumb\":{\"@id\":\"https:\/\/mariamorenoarte.com\/producto\/disponible-solo-en-print-pequeno-paisaje-mixto-obra-en-tecnica-mixta-sobre-papel-2023#breadcrumb\"},\"inLanguage\":\"en-GB\",\"potentialAction\":[{\"@type\":\"ReadAction\",\"target\":[\"https:\/\/mariamorenoarte.com\/producto\/disponible-solo-en-print-pequeno-paisaje-mixto-obra-en-tecnica-mixta-sobre-papel-2023\"]}]},{\"@type\":\"ImageObject\",\"inLanguage\":\"en-GB\",\"@id\":\"https:\/\/mariamorenoarte.com\/producto\/disponible-solo-en-print-pequeno-paisaje-mixto-obra-en-tecnica-mixta-sobre-papel-2023#primaryimage\",\"url\":\"https:\/\/mariamorenoarte.com\/wp-content\/uploads\/2023\/11\/Maria-Moreno-Serie-Fondo-Del-Cabo_0004_Disponible-solo-en-print.-Pequeno-Paisaje-Mixto.-Obra-en-tecnica-mixta-sobre-pape-e1700042264598.jpg\",\"contentUrl\":\"https:\/\/mariamorenoarte.com\/wp-content\/uploads\/2023\/11\/Maria-Moreno-Serie-Fondo-Del-Cabo_0004_Disponible-solo-en-print.-Pequeno-Paisaje-Mixto.-Obra-en-tecnica-mixta-sobre-pape-e1700042264598.jpg\",\"width\":1112,\"height\":907},{\"@type\":\"BreadcrumbList\",\"@id\":\"https:\/\/mariamorenoarte.com\/producto\/disponible-solo-en-print-pequeno-paisaje-mixto-obra-en-tecnica-mixta-sobre-papel-2023#breadcrumb\",\"itemListElement\":[{\"@type\":\"ListItem\",\"position\":1,\"name\":\"Portada\",\"item\":\"https:\/\/mariamorenoarte.com\/\"},{\"@type\":\"ListItem\",\"position\":2,\"name\":\"Tienda\",\"item\":\"https:\/\/mariamorenoarte.com\/en\/tienda\"},{\"@type\":\"ListItem\",\"position\":3,\"name\":\"&#8220;Peque\u00f1o Paisaje Mixto&#8221;\"}]},{\"@type\":\"WebSite\",\"@id\":\"https:\/\/mariamorenoarte.com\/#website\",\"url\":\"https:\/\/mariamorenoarte.com\/\",\"name\":\"Maria Moreno\",\"description\":\"Tienda Online\",\"potentialAction\":[{\"@type\":\"SearchAction\",\"target\":{\"@type\":\"EntryPoint\",\"urlTemplate\":\"https:\/\/mariamorenoarte.com\/?s={search_term_string}\"},\"query-input\":{\"@type\":\"PropertyValueSpecification\",\"valueRequired\":true,\"valueName\":\"search_term_string\"}}],\"inLanguage\":\"en-GB\"}]}<\/script>\n<!-- \/ Yoast SEO plugin. -->","yoast_head_json":{"title":"\"Peque\u00f1o Paisaje Mixto\" - Maria Moreno","robots":{"index":"index","follow":"follow","max-snippet":"max-snippet:-1","max-image-preview":"max-image-preview:large","max-video-preview":"max-video-preview:-1"},"canonical":"https:\/\/mariamorenoarte.com\/en\/product\/disponible-solo-en-print-pequeno-paisaje-mixto-obra-en-tecnica-mixta-sobre-papel-2023\/","og_locale":"en_GB","og_type":"article","og_title":"\"Peque\u00f1o Paisaje Mixto\" - Maria Moreno","og_description":"Serie \u00abPaseo por los paisajes mixtos\u00bb T\u00e9cnica: Impresi\u00f3n Gicl\u00e9e. Inyecci\u00f3n de tintas pigmentadas al agua sobre papel de algod\u00f3n libre de \u00e1cido. Edici\u00f3n limitada, numerada y firmada a mano desde la 1\/20 a la 20\/20.","og_url":"https:\/\/mariamorenoarte.com\/en\/product\/disponible-solo-en-print-pequeno-paisaje-mixto-obra-en-tecnica-mixta-sobre-papel-2023\/","og_site_name":"Maria Moreno","article_modified_time":"2024-01-31T15:14:18+00:00","og_image":[{"width":1112,"height":907,"url":"https:\/\/mariamorenoarte.com\/wp-content\/uploads\/2023\/11\/Maria-Moreno-Serie-Fondo-Del-Cabo_0004_Disponible-solo-en-print.-Pequeno-Paisaje-Mixto.-Obra-en-tecnica-mixta-sobre-pape-e1700042264598.jpg","type":"image\/jpeg"}],"twitter_card":"summary_large_image","schema":{"@context":"https:\/\/schema.org","@graph":[{"@type":"WebPage","@id":"https:\/\/mariamorenoarte.com\/producto\/disponible-solo-en-print-pequeno-paisaje-mixto-obra-en-tecnica-mixta-sobre-papel-2023","url":"https:\/\/mariamorenoarte.com\/producto\/disponible-solo-en-print-pequeno-paisaje-mixto-obra-en-tecnica-mixta-sobre-papel-2023","name":"\"Peque\u00f1o Paisaje Mixto\" - Maria Moreno","isPartOf":{"@id":"https:\/\/mariamorenoarte.com\/#website"},"primaryImageOfPage":{"@id":"https:\/\/mariamorenoarte.com\/producto\/disponible-solo-en-print-pequeno-paisaje-mixto-obra-en-tecnica-mixta-sobre-papel-2023#primaryimage"},"image":{"@id":"https:\/\/mariamorenoarte.com\/producto\/disponible-solo-en-print-pequeno-paisaje-mixto-obra-en-tecnica-mixta-sobre-papel-2023#primaryimage"},"thumbnailUrl":"https:\/\/mariamorenoarte.com\/wp-content\/uploads\/2023\/11\/Maria-Moreno-Serie-Fondo-Del-Cabo_0004_Disponible-solo-en-print.-Pequeno-Paisaje-Mixto.-Obra-en-tecnica-mixta-sobre-pape-e1700042264598.jpg","datePublished":"2023-11-05T19:01:44+00:00","dateModified":"2024-01-31T15:14:18+00:00","breadcrumb":{"@id":"https:\/\/mariamorenoarte.com\/producto\/disponible-solo-en-print-pequeno-paisaje-mixto-obra-en-tecnica-mixta-sobre-papel-2023#breadcrumb"},"inLanguage":"en-GB","potentialAction":[{"@type":"ReadAction","target":["https:\/\/mariamorenoarte.com\/producto\/disponible-solo-en-print-pequeno-paisaje-mixto-obra-en-tecnica-mixta-sobre-papel-2023"]}]},{"@type":"ImageObject","inLanguage":"en-GB","@id":"https:\/\/mariamorenoarte.com\/producto\/disponible-solo-en-print-pequeno-paisaje-mixto-obra-en-tecnica-mixta-sobre-papel-2023#primaryimage","url":"https:\/\/mariamorenoarte.com\/wp-content\/uploads\/2023\/11\/Maria-Moreno-Serie-Fondo-Del-Cabo_0004_Disponible-solo-en-print.-Pequeno-Paisaje-Mixto.-Obra-en-tecnica-mixta-sobre-pape-e1700042264598.jpg","contentUrl":"https:\/\/mariamorenoarte.com\/wp-content\/uploads\/2023\/11\/Maria-Moreno-Serie-Fondo-Del-Cabo_0004_Disponible-solo-en-print.-Pequeno-Paisaje-Mixto.-Obra-en-tecnica-mixta-sobre-pape-e1700042264598.jpg","width":1112,"height":907},{"@type":"BreadcrumbList","@id":"https:\/\/mariamorenoarte.com\/producto\/disponible-solo-en-print-pequeno-paisaje-mixto-obra-en-tecnica-mixta-sobre-papel-2023#breadcrumb","itemListElement":[{"@type":"ListItem","position":1,"name":"Portada","item":"https:\/\/mariamorenoarte.com\/"},{"@type":"ListItem","position":2,"name":"Tienda","item":"https:\/\/mariamorenoarte.com\/en\/tienda"},{"@type":"ListItem","position":3,"name":"&#8220;Peque\u00f1o Paisaje Mixto&#8221;"}]},{"@type":"WebSite","@id":"https:\/\/mariamorenoarte.com\/#website","url":"https:\/\/mariamorenoarte.com\/","name":"Maria Moreno","description":"Online Shop","potentialAction":[{"@type":"SearchAction","target":{"@type":"EntryPoint","urlTemplate":"https:\/\/mariamorenoarte.com\/?s={search_term_string}"},"query-input":{"@type":"PropertyValueSpecification","valueRequired":true,"valueName":"search_term_string"}}],"inLanguage":"en-GB"}]}},"_links":{"self":[{"href":"https:\/\/mariamorenoarte.com\/en\/wp-json\/wp\/v2\/product\/448"}],"collection":[{"href":"https:\/\/mariamorenoarte.com\/en\/wp-json\/wp\/v2\/product"}],"about":[{"href":"https:\/\/mariamorenoarte.com\/en\/wp-json\/wp\/v2\/types\/product"}],"replies":[{"embeddable":true,"href":"https:\/\/mariamorenoarte.com\/en\/wp-json\/wp\/v2\/comments?post=448"}],"wp:featuredmedia":[{"embeddable":true,"href":"https:\/\/mariamorenoarte.com\/en\/wp-json\/wp\/v2\/media\/436"}],"wp:attachment":[{"href":"https:\/\/mariamorenoarte.com\/en\/wp-json\/wp\/v2\/media?parent=448"}],"wp:term":[{"taxonomy":"product_brand","embeddable":true,"href":"https:\/\/mariamorenoarte.com\/en\/wp-json\/wp\/v2\/product_brand?post=448"},{"taxonomy":"product_cat","embeddable":true,"href":"https:\/\/mariamorenoarte.com\/en\/wp-json\/wp\/v2\/product_cat?post=448"},{"taxonomy":"product_tag","embeddable":true,"href":"https:\/\/mariamorenoarte.com\/en\/wp-json\/wp\/v2\/product_tag?post=448"}],"curies":[{"name":"wp","href":"https:\/\/api.w.org\/{rel}","templated":true}]}}