{"id":506,"date":"2023-11-19T19:52:44","date_gmt":"2023-11-19T19:52:44","guid":{"rendered":"https:\/\/mariamorenoarte.com\/?page_id=506"},"modified":"2024-02-09T19:25:57","modified_gmt":"2024-02-09T19:25:57","slug":"exposiciones","status":"publish","type":"page","link":"https:\/\/mariamorenoarte.com\/en\/exposiciones","title":{"rendered":"EXPOSICIONES"},"content":{"rendered":"<p>[et_pb_section fb_built=\u00bb1&#8243; custom_padding_last_edited=\u00bbon|phone\u00bb admin_label=\u00bbExhibitions\u00bb _builder_version=\u00bb4.24.0&#8243; background_image=\u00bbhttps:\/\/mariamorenoarte.com\/wp-content\/uploads\/2023\/10\/art-gallery-55.jpg\u00bb background_size=\u00bbinitial\u00bb background_repeat=\u00bbrepeat\u00bb custom_padding=\u00bb||3px|||\u00bb custom_padding_tablet=\u00bb||3px|||\u00bb custom_padding_phone=\u00bb11px||0px||false|false\u00bb global_colors_info=\u00bb{}\u00bb][et_pb_row custom_padding_last_edited=\u00bboff|phone\u00bb _builder_version=\u00bb4.24.0&#8243; background_position=\u00bbbottom_center\u00bb custom_padding=\u00bb||5px||false|false\u00bb custom_padding_tablet=\u00bb17vw||17vw||false\u00bb use_custom_width=\u00bbon\u00bb width_unit=\u00bboff\u00bb custom_width_percent=\u00bb100%\u00bb locked=\u00bboff\u00bb global_colors_info=\u00bb{}\u00bb][et_pb_column type=\u00bb4_4&#8243; _builder_version=\u00bb4.16&#8243; custom_padding=\u00bb|||\u00bb global_colors_info=\u00bb{}\u00bb custom_padding__hover=\u00bb|||\u00bb][et_pb_text _builder_version=\u00bb4.24.0&#8243; text_font=\u00bb||||||||\u00bb header_font=\u00bb||||||||\u00bb header_2_font=\u00bbMontserrat|300|||||||\u00bb header_2_text_align=\u00bbcenter\u00bb header_2_text_color=\u00bbrgba(0,0,0,0.54)\u00bb header_2_font_size=\u00bb41px\u00bb header_2_line_height=\u00bb1.3em\u00bb header_3_font=\u00bb|700||on|||||\u00bb header_3_text_align=\u00bbcenter\u00bb header_3_text_color=\u00bbrgba(0,0,0,0.35)\u00bb header_3_font_size=\u00bb15px\u00bb header_3_letter_spacing=\u00bb5px\u00bb transform_translate_linked=\u00bboff\u00bb text_orientation=\u00bbcenter\u00bb max_width=\u00bb700px\u00bb max_width_tablet=\u00bb70%\u00bb max_width_last_edited=\u00bboff|phone\u00bb module_alignment=\u00bbcenter\u00bb header_2_font_size_tablet=\u00bb40px\u00bb header_2_font_size_phone=\u00bb26px\u00bb header_2_font_size_last_edited=\u00bbon|tablet\u00bb module_alignment_last_edited=\u00bboff|desktop\u00bb text_text_align=\u00bbcenter\u00bb global_colors_info=\u00bb{}\u00bb]<\/p>\n<h2>PR\u00d3XIMAS EXPOSICIONES<\/h2>\n<p>[\/et_pb_text][\/et_pb_column][\/et_pb_row][et_pb_row custom_padding_last_edited=\u00bbon|phone\u00bb _builder_version=\u00bb4.24.0&#8243; _module_preset=\u00bbdefault\u00bb custom_padding_tablet=\u00bb\u00bb custom_padding_phone=\u00bb0px||||false|false\u00bb global_colors_info=\u00bb{}\u00bb][et_pb_column type=\u00bb4_4&#8243; _builder_version=\u00bb4.23.1&#8243; _module_preset=\u00bbdefault\u00bb global_colors_info=\u00bb{}\u00bb][et_pb_blog fullwidth=\u00bboff\u00bb include_categories=\u00bb37&#8243; excerpt_length=\u00bb80&#8243; show_author=\u00bboff\u00bb show_date=\u00bboff\u00bb show_categories=\u00bboff\u00bb _builder_version=\u00bb4.24.0&#8243; _module_preset=\u00bbdefault\u00bb header_font=\u00bbMontserrat|600|||||||\u00bb header_font_size=\u00bb21px\u00bb header_line_height=\u00bb1.2em\u00bb body_font=\u00bbMontserrat||||||||\u00bb body_font_size=\u00bb13px\u00bb body_line_height=\u00bb1.3em\u00bb meta_line_height=\u00bb2.1em\u00bb custom_margin_tablet=\u00bb\u00bb custom_margin_phone=\u00bb\u00bb custom_margin_last_edited=\u00bbon|phone\u00bb header_font_size_tablet=\u00bb21px\u00bb header_font_size_phone=\u00bb13px\u00bb header_font_size_last_edited=\u00bbon|phone\u00bb global_colors_info=\u00bb{}\u00bb][\/et_pb_blog][\/et_pb_column][\/et_pb_row][\/et_pb_section][et_pb_section fb_built=\u00bb1&#8243; custom_padding_last_edited=\u00bbon|phone\u00bb admin_label=\u00bbExhibitions\u00bb _builder_version=\u00bb4.24.0&#8243; background_color=\u00bb#f7f7f7&#8243; background_image=\u00bbhttps:\/\/mariamorenoarte.com\/wp-content\/uploads\/2023\/10\/art-gallery-55.jpg\u00bb background_size=\u00bbinitial\u00bb background_repeat=\u00bbrepeat\u00bb background_blend=\u00bbmultiply\u00bb custom_padding_tablet=\u00bb\u00bb custom_padding_phone=\u00bb0px||||false|false\u00bb global_colors_info=\u00bb{}\u00bb][et_pb_row custom_padding_last_edited=\u00bboff|phone\u00bb _builder_version=\u00bb4.16&#8243; background_position=\u00bbbottom_center\u00bb custom_padding_tablet=\u00bb17vw||17vw||false\u00bb use_custom_width=\u00bbon\u00bb width_unit=\u00bboff\u00bb custom_width_percent=\u00bb100%\u00bb locked=\u00bboff\u00bb global_colors_info=\u00bb{}\u00bb][et_pb_column type=\u00bb4_4&#8243; _builder_version=\u00bb4.16&#8243; custom_padding=\u00bb|||\u00bb global_colors_info=\u00bb{}\u00bb custom_padding__hover=\u00bb|||\u00bb][et_pb_text _builder_version=\u00bb4.24.0&#8243; text_font=\u00bb||||||||\u00bb header_font=\u00bb||||||||\u00bb header_2_font=\u00bbMontserrat|300|||||||\u00bb header_2_text_align=\u00bbcenter\u00bb header_2_text_color=\u00bbrgba(0,0,0,0.54)\u00bb header_2_font_size=\u00bb41px\u00bb header_2_line_height=\u00bb1.3em\u00bb header_3_font=\u00bb|700||on|||||\u00bb header_3_text_align=\u00bbcenter\u00bb header_3_text_color=\u00bbrgba(0,0,0,0.35)\u00bb header_3_font_size=\u00bb15px\u00bb header_3_letter_spacing=\u00bb5px\u00bb transform_translate_linked=\u00bboff\u00bb text_orientation=\u00bbcenter\u00bb max_width=\u00bb700px\u00bb max_width_tablet=\u00bb70%\u00bb max_width_last_edited=\u00bboff|phone\u00bb module_alignment=\u00bbcenter\u00bb header_2_font_size_tablet=\u00bb40px\u00bb header_2_font_size_phone=\u00bb26px\u00bb header_2_font_size_last_edited=\u00bbon|tablet\u00bb module_alignment_last_edited=\u00bboff|desktop\u00bb text_text_align=\u00bbcenter\u00bb global_colors_info=\u00bb{}\u00bb]<\/p>\n<h2>ANTIGUAS EXPOSICIONES<\/h2>\n<p>[\/et_pb_text][\/et_pb_column][\/et_pb_row][et_pb_row column_structure=\u00bb1_2,1_2&#8243; _builder_version=\u00bb4.24.0&#8243; _module_preset=\u00bbdefault\u00bb max_width=\u00bb1467px\u00bb max_width_tablet=\u00bb1467px\u00bb max_width_phone=\u00bb1467px\u00bb max_width_last_edited=\u00bbon|desktop\u00bb global_colors_info=\u00bb{}\u00bb][et_pb_column type=\u00bb1_2&#8243; _builder_version=\u00bb4.23.1&#8243; _module_preset=\u00bbdefault\u00bb global_colors_info=\u00bb{}\u00bb][et_pb_toggle title=\u00bbExposiciones colectivas\u00bb icon_color=\u00bbRGBA(255,255,255,0)\u00bb toggle_icon=\u00bb&#x3f;||divi||400&#8243; open_icon_color=\u00bb#000000&#8243; open_toggle_icon=\u00bb&#x3e;||divi||400&#8243; _builder_version=\u00bb4.24.0&#8243; _module_preset=\u00bbdefault\u00bb title_font_size=\u00bb15px\u00bb body_font=\u00bbMontserrat||||||||\u00bb body_font_size=\u00bb14px\u00bb global_colors_info=\u00bb{}\u00bb][\/et_pb_toggle][et_pb_text _builder_version=\u00bb4.24.0&#8243; _module_preset=\u00bbdefault\u00bb text_font_size=\u00bb15px\u00bb text_orientation=\u00bbcenter\u00bb global_colors_info=\u00bb{}\u00bb]<\/p>\n<ul>\n<li style=\"text-align: left;\">\u00abContempor\u00e1nea 2.0\u00bb Museo de Arte de Almer\u00eda, 2023<\/li>\n<li style=\"text-align: left;\">\u00abFestival Internacional de Grabado y Arte sobre papel. FIG Bilbao, 2019<\/li>\n<li style=\"text-align: left;\">\u00abTres de Diez Galer\u00eda Luc\u00eda Due\u00f1as. Oviedo, 2020<\/li>\n<li style=\"text-align: left;\">\u201cMediterr\u00e1neo\u201d Galer\u00eda Acanto. Almer\u00eda, 2019<\/li>\n<li style=\"text-align: left;\">\u201c1\u00aa Muestra de arte en peque\u00f1o formato\u201d. Galer\u00eda Acanto. Almer\u00eda, 2018.<\/li>\n<li style=\"text-align: left;\">Exposici\u00f3n colectiva internacional de mujeres artistas. ARS VISIBILIS V. (II SEDE) Galer\u00eda MECA. Almer\u00eda, 2018<\/li>\n<li style=\"text-align: left;\">Exposici\u00f3n colectiva internacional de mujeres artistas. ARS VISIBILIS IV. GENIUS. Museo de Almer\u00eda, 2018<\/li>\n<li style=\"text-align: left;\">Mediterr\u00e1neo 2018\u201d Galer\u00eda Acanto. Almer\u00eda, 2018<\/li>\n<li style=\"text-align: left;\">\u201cGran refranero ilustrado\u201d Galer\u00eda L\u00b4atelier. Almer\u00eda, 2017<\/li>\n<li style=\"text-align: left;\">\u00abFinalistas Dcoop\u00bb Real Academia de BBAA Santa Isabel de Hungr\u00eda. Sevilla, 2016<\/li>\n<li style=\"text-align: left;\">\u201cInterpretaciones: Hyeronimus Bosh.\u201d Cer\u00e1mica art\u00edstica. EAA, 2016\u00a0<\/li>\n<li style=\"text-align: left;\">\u201cABC ilustrado\u201d Galer\u00eda Dall Vill Art. Roquetas de Mar, 2016<\/li>\n<li style=\"text-align: left;\">\u201cL\u00b4attimo fugente\u201d. Jornadas arte y enfermedad. G\u00e9nova (Italia) . 2011<\/li>\n<\/ul>\n<p>[\/et_pb_text][\/et_pb_column][et_pb_column type=\u00bb1_2&#8243; _builder_version=\u00bb4.23.1&#8243; _module_preset=\u00bbdefault\u00bb global_colors_info=\u00bb{}\u00bb][et_pb_toggle title=\u00bbExposiciones individuales\u00bb icon_color=\u00bbRGBA(255,255,255,0)\u00bb toggle_icon=\u00bb&#x3f;||divi||400&#8243; open_icon_color=\u00bb#000000&#8243; open_toggle_icon=\u00bb&#x3e;||divi||400&#8243; _builder_version=\u00bb4.24.0&#8243; _module_preset=\u00bbdefault\u00bb title_font_size=\u00bb15px\u00bb body_font=\u00bbMontserrat||||||||\u00bb body_font_size=\u00bb14px\u00bb global_colors_info=\u00bb{}\u00bb][\/et_pb_toggle][et_pb_text _builder_version=\u00bb4.24.0&#8243; _module_preset=\u00bbdefault\u00bb text_font_size=\u00bb15px\u00bb text_orientation=\u00bbcenter\u00bb global_colors_info=\u00bb{}\u00bb]<\/p>\n<div style=\"text-align: left;\">\n<ul>\n<li>\u00abPeque\u00f1o Paisaje Mixto\u00bb Taller Espacio Camping\u00e1s, 2023<\/li>\n<li>\u201cP\u00e1jaros Ra\u00edces\u201d Galer\u00eda Alfareros. Diputaci\u00f3n de Almer\u00eda, 2020<\/li>\n<li>\u201cNelle profondit\u00e0 del Cabo\u201d. Art Liquid. N\u00e1poles, Italia. 2019<\/li>\n<li>\u201cDualidad\u201d Galer\u00eda Luc\u00eda Due\u00f1as. Oviedo, 2021<\/li>\n<li>\u201cEn el fondo del Cabo\u201d Centro de Interpretaci\u00f3n Patrimonial, Almer\u00eda 2019<\/li>\n<li>\u201cCabo\u201d Galer\u00eda El Real, Aguamarga. 2019<\/li>\n<li>\u201cEl Blanco, el Viento y el Vac\u00edo\u201d Instituto Andaluz de la Juventud, Junta de Andaluc\u00eda. 2018<\/li>\n<li>\u201cSobre el viento y otros cuentos.\u00bb Galer\u00eda taller de Espacio Camping\u00e1s\u00a0\u00a0\u00a02017<\/li>\n<li>II Feria de Arte Contempor\u00e1neo de la Via Verde. Almer\u00eda, 2017<\/li>\n<li>Exposici\u00f3n individual \/ Videoinstalaci\u00f3n. \u201cEspacio Reservado\u201d Hotel Abba Granada. 2012<\/li>\n<\/ul>\n<\/div>\n<p>[\/et_pb_text][\/et_pb_column][\/et_pb_row][\/et_pb_section]<\/p>\n","protected":false},"excerpt":{"rendered":"<p>PR\u00d3XIMAS EXPOSICIONESANTIGUAS EXPOSICIONES \u00abContempor\u00e1nea 2.0\u00bb Museo de Arte de Almer\u00eda, 2023 \u00abFestival Internacional de Grabado y Arte sobre papel. FIG Bilbao, 2019 \u00abTres de Diez Galer\u00eda Luc\u00eda Due\u00f1as. Oviedo, 2020 \u201cMediterr\u00e1neo\u201d Galer\u00eda Acanto. Almer\u00eda, 2019 \u201c1\u00aa Muestra de arte en peque\u00f1o formato\u201d. Galer\u00eda Acanto. Almer\u00eda, 2018. Exposici\u00f3n colectiva internacional de mujeres artistas. ARS VISIBILIS V. [&hellip;]<\/p>\n","protected":false},"author":1,"featured_media":0,"parent":0,"menu_order":0,"comment_status":"closed","ping_status":"closed","template":"","meta":{"_et_pb_use_builder":"on","_et_pb_old_content":"","_et_gb_content_width":"","footnotes":""},"class_list":["post-506","page","type-page","status-publish","hentry"],"yoast_head":"<!-- This site is optimized with the Yoast SEO plugin v25.6 - https:\/\/yoast.com\/wordpress\/plugins\/seo\/ -->\n<title>EXPOSICIONES - Maria Moreno<\/title>\n<meta name=\"robots\" content=\"index, follow, max-snippet:-1, max-image-preview:large, max-video-preview:-1\" \/>\n<link rel=\"canonical\" href=\"https:\/\/mariamorenoarte.com\/en\/exposiciones\/\" \/>\n<meta property=\"og:locale\" content=\"en_GB\" \/>\n<meta property=\"og:type\" content=\"article\" \/>\n<meta property=\"og:title\" content=\"EXPOSICIONES - Maria Moreno\" \/>\n<meta property=\"og:description\" content=\"PR\u00d3XIMAS EXPOSICIONESANTIGUAS EXPOSICIONES &quot;Contempor\u00e1nea 2.0&quot; Museo de Arte de Almer\u00eda, 2023 &quot;Festival Internacional de Grabado y Arte sobre papel. FIG Bilbao, 2019 &quot;Tres de Diez Galer\u00eda Luc\u00eda Due\u00f1as. Oviedo, 2020 \u201cMediterr\u00e1neo\u201d Galer\u00eda Acanto. Almer\u00eda, 2019 \u201c1\u00aa Muestra de arte en peque\u00f1o formato\u201d. Galer\u00eda Acanto. Almer\u00eda, 2018. Exposici\u00f3n colectiva internacional de mujeres artistas. ARS VISIBILIS V. [&hellip;]\" \/>\n<meta property=\"og:url\" content=\"https:\/\/mariamorenoarte.com\/en\/exposiciones\/\" \/>\n<meta property=\"og:site_name\" content=\"Maria Moreno\" \/>\n<meta property=\"article:modified_time\" content=\"2024-02-09T19:25:57+00:00\" \/>\n<meta name=\"twitter:card\" content=\"summary_large_image\" \/>\n<meta name=\"twitter:label1\" content=\"Estimated reading time\" \/>\n\t<meta name=\"twitter:data1\" content=\"5 minutes\" \/>\n<script type=\"application\/ld+json\" class=\"yoast-schema-graph\">{\"@context\":\"https:\/\/schema.org\",\"@graph\":[{\"@type\":\"WebPage\",\"@id\":\"https:\/\/mariamorenoarte.com\/exposiciones\",\"url\":\"https:\/\/mariamorenoarte.com\/exposiciones\",\"name\":\"EXPOSICIONES - Maria Moreno\",\"isPartOf\":{\"@id\":\"https:\/\/mariamorenoarte.com\/#website\"},\"datePublished\":\"2023-11-19T19:52:44+00:00\",\"dateModified\":\"2024-02-09T19:25:57+00:00\",\"breadcrumb\":{\"@id\":\"https:\/\/mariamorenoarte.com\/exposiciones#breadcrumb\"},\"inLanguage\":\"en-GB\",\"potentialAction\":[{\"@type\":\"ReadAction\",\"target\":[\"https:\/\/mariamorenoarte.com\/exposiciones\"]}]},{\"@type\":\"BreadcrumbList\",\"@id\":\"https:\/\/mariamorenoarte.com\/exposiciones#breadcrumb\",\"itemListElement\":[{\"@type\":\"ListItem\",\"position\":1,\"name\":\"Portada\",\"item\":\"https:\/\/mariamorenoarte.com\/\"},{\"@type\":\"ListItem\",\"position\":2,\"name\":\"EXPOSICIONES\"}]},{\"@type\":\"WebSite\",\"@id\":\"https:\/\/mariamorenoarte.com\/#website\",\"url\":\"https:\/\/mariamorenoarte.com\/\",\"name\":\"Maria Moreno\",\"description\":\"Tienda Online\",\"potentialAction\":[{\"@type\":\"SearchAction\",\"target\":{\"@type\":\"EntryPoint\",\"urlTemplate\":\"https:\/\/mariamorenoarte.com\/?s={search_term_string}\"},\"query-input\":{\"@type\":\"PropertyValueSpecification\",\"valueRequired\":true,\"valueName\":\"search_term_string\"}}],\"inLanguage\":\"en-GB\"}]}<\/script>\n<!-- \/ Yoast SEO plugin. -->","yoast_head_json":{"title":"EXPOSICIONES - Maria Moreno","robots":{"index":"index","follow":"follow","max-snippet":"max-snippet:-1","max-image-preview":"max-image-preview:large","max-video-preview":"max-video-preview:-1"},"canonical":"https:\/\/mariamorenoarte.com\/en\/exposiciones\/","og_locale":"en_GB","og_type":"article","og_title":"EXPOSICIONES - Maria Moreno","og_description":"PR\u00d3XIMAS EXPOSICIONESANTIGUAS EXPOSICIONES \"Contempor\u00e1nea 2.0\" Museo de Arte de Almer\u00eda, 2023 \"Festival Internacional de Grabado y Arte sobre papel. FIG Bilbao, 2019 \"Tres de Diez Galer\u00eda Luc\u00eda Due\u00f1as. Oviedo, 2020 \u201cMediterr\u00e1neo\u201d Galer\u00eda Acanto. Almer\u00eda, 2019 \u201c1\u00aa Muestra de arte en peque\u00f1o formato\u201d. Galer\u00eda Acanto. Almer\u00eda, 2018. Exposici\u00f3n colectiva internacional de mujeres artistas. ARS VISIBILIS V. [&hellip;]","og_url":"https:\/\/mariamorenoarte.com\/en\/exposiciones\/","og_site_name":"Maria Moreno","article_modified_time":"2024-02-09T19:25:57+00:00","twitter_card":"summary_large_image","twitter_misc":{"Estimated reading time":"5 minutes"},"schema":{"@context":"https:\/\/schema.org","@graph":[{"@type":"WebPage","@id":"https:\/\/mariamorenoarte.com\/exposiciones","url":"https:\/\/mariamorenoarte.com\/exposiciones","name":"EXPOSICIONES - Maria Moreno","isPartOf":{"@id":"https:\/\/mariamorenoarte.com\/#website"},"datePublished":"2023-11-19T19:52:44+00:00","dateModified":"2024-02-09T19:25:57+00:00","breadcrumb":{"@id":"https:\/\/mariamorenoarte.com\/exposiciones#breadcrumb"},"inLanguage":"en-GB","potentialAction":[{"@type":"ReadAction","target":["https:\/\/mariamorenoarte.com\/exposiciones"]}]},{"@type":"BreadcrumbList","@id":"https:\/\/mariamorenoarte.com\/exposiciones#breadcrumb","itemListElement":[{"@type":"ListItem","position":1,"name":"Portada","item":"https:\/\/mariamorenoarte.com\/"},{"@type":"ListItem","position":2,"name":"EXPOSICIONES"}]},{"@type":"WebSite","@id":"https:\/\/mariamorenoarte.com\/#website","url":"https:\/\/mariamorenoarte.com\/","name":"Maria Moreno","description":"Online Shop","potentialAction":[{"@type":"SearchAction","target":{"@type":"EntryPoint","urlTemplate":"https:\/\/mariamorenoarte.com\/?s={search_term_string}"},"query-input":{"@type":"PropertyValueSpecification","valueRequired":true,"valueName":"search_term_string"}}],"inLanguage":"en-GB"}]}},"_links":{"self":[{"href":"https:\/\/mariamorenoarte.com\/en\/wp-json\/wp\/v2\/pages\/506"}],"collection":[{"href":"https:\/\/mariamorenoarte.com\/en\/wp-json\/wp\/v2\/pages"}],"about":[{"href":"https:\/\/mariamorenoarte.com\/en\/wp-json\/wp\/v2\/types\/page"}],"author":[{"embeddable":true,"href":"https:\/\/mariamorenoarte.com\/en\/wp-json\/wp\/v2\/users\/1"}],"replies":[{"embeddable":true,"href":"https:\/\/mariamorenoarte.com\/en\/wp-json\/wp\/v2\/comments?post=506"}],"version-history":[{"count":21,"href":"https:\/\/mariamorenoarte.com\/en\/wp-json\/wp\/v2\/pages\/506\/revisions"}],"predecessor-version":[{"id":1937,"href":"https:\/\/mariamorenoarte.com\/en\/wp-json\/wp\/v2\/pages\/506\/revisions\/1937"}],"wp:attachment":[{"href":"https:\/\/mariamorenoarte.com\/en\/wp-json\/wp\/v2\/media?parent=506"}],"curies":[{"name":"wp","href":"https:\/\/api.w.org\/{rel}","templated":true}]}}