{"id":408,"date":"2023-11-02T00:53:22","date_gmt":"2023-11-02T00:53:22","guid":{"rendered":"https:\/\/mariamorenoarte.com\/?page_id=408"},"modified":"2023-11-02T00:53:22","modified_gmt":"2023-11-02T00:53:22","slug":"accesibilidad","status":"publish","type":"page","link":"https:\/\/mariamorenoarte.com\/en\/accesibilidad","title":{"rendered":"Accesibilidad"},"content":{"rendered":"<p>[et_pb_section fb_built=\u00bb1&#8243; _builder_version=\u00bb4.19.5&#8243; _module_preset=\u00bbdefault\u00bb custom_padding=\u00bb||162px|||\u00bb global_colors_info=\u00bb{}\u00bb][et_pb_row _builder_version=\u00bb4.19.5&#8243; _module_preset=\u00bbdefault\u00bb global_colors_info=\u00bb{}\u00bb][et_pb_column type=\u00bb4_4&#8243; _builder_version=\u00bb4.19.5&#8243; _module_preset=\u00bbdefault\u00bb global_colors_info=\u00bb{}\u00bb][et_pb_text _builder_version=\u00bb4.23&#8243; _module_preset=\u00bbdefault\u00bb header_font=\u00bbMontserrat|300||on|||||\u00bb header_text_color=\u00bb#01263d\u00bb header_font_size=\u00bb60px\u00bb header_line_height=\u00bb1.2em\u00bb header_font_size_tablet=\u00bb40px\u00bb header_font_size_phone=\u00bb22px\u00bb header_font_size_last_edited=\u00bbon|phone\u00bb global_colors_info=\u00bb{}\u00bb theme_builder_area=\u00bbpost_content\u00bb]<\/p>\n<h1>ACCESIBILIDAD<\/h1>\n<p>[\/et_pb_text][et_pb_text _builder_version=\u00bb4.22.1&#8243; _module_preset=\u00bb646e8dc7-0e68-440d-a6d2-661f2297bdcd\u00bb text_font=\u00bb|600|||||||\u00bb text_font_size=\u00bb18px\u00bb text_font_size_tablet=\u00bb18px\u00bb text_font_size_phone=\u00bb18px\u00bb text_font_size_last_edited=\u00bbon|desktop\u00bb global_colors_info=\u00bb{}\u00bb]<\/p>\n<p>Despu\u00e9s de llevar a cabo un an\u00e1lisis exhaustivo de la web <a href=\"http:\/\/www.3diguanavap.com\">www.mariamorenoarte.com<\/a> se ha comprobado que cumple con las normativas de accesibilidad establecidas por el World Wide Web Consortium (W3C) en el nivel WCAG 2.1 AA. Esto significa que la p\u00e1gina web ha sido dise\u00f1ada y desarrollada de manera tal que permite a las personas con discapacidad tener un acceso igualitario y sin obst\u00e1culos a su contenido y funcionalidad.<\/p>\n<p>Se han evaluado todos los criterios de accesibilidad esenciales, incluyendo pero no limitados a: el contenido en texto alternativo para im\u00e1genes, la navegaci\u00f3n con teclado, la estructura y organizaci\u00f3n del contenido, la comprensi\u00f3n de la p\u00e1gina, la compatibilidad con tecnolog\u00edas de asistencia, y la compatibilidad con diferentes tipos de discapacidad, entre otros.<\/p>\n<p>Es importante destacar que el cumplimiento con las normativas de accesibilidad no solo mejora la experiencia de los usuarios con discapacidad, sino que tambi\u00e9n contribuye a mejorar la accesibilidad y usabilidad de la p\u00e1gina para todos los usuarios.<\/p>\n<p>En resumen, se puede afirmar con seguridad que la p\u00e1gina web en cuesti\u00f3n cumple con los est\u00e1ndares de accesibilidad de WCAG 2.1 AA y est\u00e1 en l\u00ednea con las mejores pr\u00e1cticas en materia de accesibilidad\u00a0web.<\/p>\n<p>[\/et_pb_text][\/et_pb_column][\/et_pb_row][\/et_pb_section]<\/p>\n","protected":false},"excerpt":{"rendered":"<p>ACCESIBILIDADDespu\u00e9s de llevar a cabo un an\u00e1lisis exhaustivo de la web www.mariamorenoarte.com se ha comprobado que cumple con las normativas de accesibilidad establecidas por el World Wide Web Consortium (W3C) en el nivel WCAG 2.1 AA. Esto significa que la p\u00e1gina web ha sido dise\u00f1ada y desarrollada de manera tal que permite a las personas [&hellip;]<\/p>\n","protected":false},"author":1,"featured_media":0,"parent":0,"menu_order":0,"comment_status":"closed","ping_status":"closed","template":"","meta":{"_et_pb_use_builder":"on","_et_pb_old_content":"","_et_gb_content_width":"","footnotes":""},"class_list":["post-408","page","type-page","status-publish","hentry"],"yoast_head":"<!-- This site is optimized with the Yoast SEO plugin v25.6 - https:\/\/yoast.com\/wordpress\/plugins\/seo\/ -->\n<title>Accesibilidad - Maria Moreno<\/title>\n<meta name=\"robots\" content=\"index, follow, max-snippet:-1, max-image-preview:large, max-video-preview:-1\" \/>\n<link rel=\"canonical\" href=\"https:\/\/mariamorenoarte.com\/en\/accesibilidad\/\" \/>\n<meta property=\"og:locale\" content=\"en_GB\" \/>\n<meta property=\"og:type\" content=\"article\" \/>\n<meta property=\"og:title\" content=\"Accesibilidad - Maria Moreno\" \/>\n<meta property=\"og:description\" content=\"ACCESIBILIDADDespu\u00e9s de llevar a cabo un an\u00e1lisis exhaustivo de la web www.mariamorenoarte.com se ha comprobado que cumple con las normativas de accesibilidad establecidas por el World Wide Web Consortium (W3C) en el nivel WCAG 2.1 AA. Esto significa que la p\u00e1gina web ha sido dise\u00f1ada y desarrollada de manera tal que permite a las personas [&hellip;]\" \/>\n<meta property=\"og:url\" content=\"https:\/\/mariamorenoarte.com\/en\/accesibilidad\/\" \/>\n<meta property=\"og:site_name\" content=\"Maria Moreno\" \/>\n<meta name=\"twitter:card\" content=\"summary_large_image\" \/>\n<meta name=\"twitter:label1\" content=\"Estimated reading time\" \/>\n\t<meta name=\"twitter:data1\" content=\"2 minutes\" \/>\n<script type=\"application\/ld+json\" class=\"yoast-schema-graph\">{\"@context\":\"https:\/\/schema.org\",\"@graph\":[{\"@type\":\"WebPage\",\"@id\":\"https:\/\/mariamorenoarte.com\/accesibilidad\",\"url\":\"https:\/\/mariamorenoarte.com\/accesibilidad\",\"name\":\"Accesibilidad - Maria Moreno\",\"isPartOf\":{\"@id\":\"https:\/\/mariamorenoarte.com\/#website\"},\"datePublished\":\"2023-11-02T00:53:22+00:00\",\"breadcrumb\":{\"@id\":\"https:\/\/mariamorenoarte.com\/accesibilidad#breadcrumb\"},\"inLanguage\":\"en-GB\",\"potentialAction\":[{\"@type\":\"ReadAction\",\"target\":[\"https:\/\/mariamorenoarte.com\/accesibilidad\"]}]},{\"@type\":\"BreadcrumbList\",\"@id\":\"https:\/\/mariamorenoarte.com\/accesibilidad#breadcrumb\",\"itemListElement\":[{\"@type\":\"ListItem\",\"position\":1,\"name\":\"Portada\",\"item\":\"https:\/\/mariamorenoarte.com\/\"},{\"@type\":\"ListItem\",\"position\":2,\"name\":\"Accesibilidad\"}]},{\"@type\":\"WebSite\",\"@id\":\"https:\/\/mariamorenoarte.com\/#website\",\"url\":\"https:\/\/mariamorenoarte.com\/\",\"name\":\"Maria Moreno\",\"description\":\"Tienda Online\",\"potentialAction\":[{\"@type\":\"SearchAction\",\"target\":{\"@type\":\"EntryPoint\",\"urlTemplate\":\"https:\/\/mariamorenoarte.com\/?s={search_term_string}\"},\"query-input\":{\"@type\":\"PropertyValueSpecification\",\"valueRequired\":true,\"valueName\":\"search_term_string\"}}],\"inLanguage\":\"en-GB\"}]}<\/script>\n<!-- \/ Yoast SEO plugin. -->","yoast_head_json":{"title":"Accesibilidad - Maria Moreno","robots":{"index":"index","follow":"follow","max-snippet":"max-snippet:-1","max-image-preview":"max-image-preview:large","max-video-preview":"max-video-preview:-1"},"canonical":"https:\/\/mariamorenoarte.com\/en\/accesibilidad\/","og_locale":"en_GB","og_type":"article","og_title":"Accesibilidad - Maria Moreno","og_description":"ACCESIBILIDADDespu\u00e9s de llevar a cabo un an\u00e1lisis exhaustivo de la web www.mariamorenoarte.com se ha comprobado que cumple con las normativas de accesibilidad establecidas por el World Wide Web Consortium (W3C) en el nivel WCAG 2.1 AA. Esto significa que la p\u00e1gina web ha sido dise\u00f1ada y desarrollada de manera tal que permite a las personas [&hellip;]","og_url":"https:\/\/mariamorenoarte.com\/en\/accesibilidad\/","og_site_name":"Maria Moreno","twitter_card":"summary_large_image","twitter_misc":{"Estimated reading time":"2 minutes"},"schema":{"@context":"https:\/\/schema.org","@graph":[{"@type":"WebPage","@id":"https:\/\/mariamorenoarte.com\/accesibilidad","url":"https:\/\/mariamorenoarte.com\/accesibilidad","name":"Accesibilidad - Maria Moreno","isPartOf":{"@id":"https:\/\/mariamorenoarte.com\/#website"},"datePublished":"2023-11-02T00:53:22+00:00","breadcrumb":{"@id":"https:\/\/mariamorenoarte.com\/accesibilidad#breadcrumb"},"inLanguage":"en-GB","potentialAction":[{"@type":"ReadAction","target":["https:\/\/mariamorenoarte.com\/accesibilidad"]}]},{"@type":"BreadcrumbList","@id":"https:\/\/mariamorenoarte.com\/accesibilidad#breadcrumb","itemListElement":[{"@type":"ListItem","position":1,"name":"Portada","item":"https:\/\/mariamorenoarte.com\/"},{"@type":"ListItem","position":2,"name":"Accesibilidad"}]},{"@type":"WebSite","@id":"https:\/\/mariamorenoarte.com\/#website","url":"https:\/\/mariamorenoarte.com\/","name":"Maria Moreno","description":"Online Shop","potentialAction":[{"@type":"SearchAction","target":{"@type":"EntryPoint","urlTemplate":"https:\/\/mariamorenoarte.com\/?s={search_term_string}"},"query-input":{"@type":"PropertyValueSpecification","valueRequired":true,"valueName":"search_term_string"}}],"inLanguage":"en-GB"}]}},"_links":{"self":[{"href":"https:\/\/mariamorenoarte.com\/en\/wp-json\/wp\/v2\/pages\/408"}],"collection":[{"href":"https:\/\/mariamorenoarte.com\/en\/wp-json\/wp\/v2\/pages"}],"about":[{"href":"https:\/\/mariamorenoarte.com\/en\/wp-json\/wp\/v2\/types\/page"}],"author":[{"embeddable":true,"href":"https:\/\/mariamorenoarte.com\/en\/wp-json\/wp\/v2\/users\/1"}],"replies":[{"embeddable":true,"href":"https:\/\/mariamorenoarte.com\/en\/wp-json\/wp\/v2\/comments?post=408"}],"version-history":[{"count":2,"href":"https:\/\/mariamorenoarte.com\/en\/wp-json\/wp\/v2\/pages\/408\/revisions"}],"predecessor-version":[{"id":418,"href":"https:\/\/mariamorenoarte.com\/en\/wp-json\/wp\/v2\/pages\/408\/revisions\/418"}],"wp:attachment":[{"href":"https:\/\/mariamorenoarte.com\/en\/wp-json\/wp\/v2\/media?parent=408"}],"curies":[{"name":"wp","href":"https:\/\/api.w.org\/{rel}","templated":true}]}}