{"id":376,"date":"2023-10-24T23:58:27","date_gmt":"2023-10-24T23:58:27","guid":{"rendered":"http:\/\/mariamorenoarte.com\/?page_id=376"},"modified":"2024-02-05T10:57:25","modified_gmt":"2024-02-05T10:57:25","slug":"prints","status":"publish","type":"page","link":"https:\/\/mariamorenoarte.com\/en\/prints","title":{"rendered":"Prints"},"content":{"rendered":"<p>[et_pb_section fb_built=\u00bb1&#8243; custom_padding_last_edited=\u00bbon|desktop\u00bb _builder_version=\u00bb4.24.0&#8243; _module_preset=\u00bbdefault\u00bb background_color=\u00bb#fcfcfc\u00bb custom_padding=\u00bb36px||113px||false|false\u00bb custom_padding_tablet=\u00bb36px||86px||false|false\u00bb custom_padding_phone=\u00bb36px||17px||false|false\u00bb bottom_divider_style=\u00bbslant2&#8243; bottom_divider_color=\u00bb#FFFFFF\u00bb global_colors_info=\u00bb{}\u00bb][et_pb_row _builder_version=\u00bb4.24.0&#8243; _module_preset=\u00bbdefault\u00bb global_colors_info=\u00bb{}\u00bb][et_pb_column type=\u00bb4_4&#8243; _builder_version=\u00bb4.22.2&#8243; _module_preset=\u00bbdefault\u00bb global_colors_info=\u00bb{}\u00bb][et_pb_text _builder_version=\u00bb4.24.0&#8243; text_font=\u00bb||||||||\u00bb header_font=\u00bbMontserrat|300|||||||\u00bb header_text_align=\u00bbcenter\u00bb header_text_color=\u00bb#333333&#8243; header_font_size=\u00bb46px\u00bb header_2_font=\u00bb|500||on|||||\u00bb header_2_text_align=\u00bbcenter\u00bb header_2_font_size=\u00bb14px\u00bb header_2_letter_spacing=\u00bb5px\u00bb header_2_line_height=\u00bb2em\u00bb transform_translate_linked=\u00bboff\u00bb max_width=\u00bb100%\u00bb max_width_tablet=\u00bb70%\u00bb max_width_last_edited=\u00bboff|phone\u00bb custom_margin=\u00bb||17px|||\u00bb header_font_size_tablet=\u00bb80px\u00bb header_font_size_phone=\u00bb36px\u00bb header_font_size_last_edited=\u00bbon|phone\u00bb global_colors_info=\u00bb{}\u00bb]<\/p>\n<h1>PRINTS<\/h1>\n<p>[\/et_pb_text][et_pb_text _builder_version=\u00bb4.24.0&#8243; _module_preset=\u00bbdefault\u00bb text_font=\u00bbMontserrat||||||||\u00bb text_line_height=\u00bb1.2em\u00bb text_orientation=\u00bbjustified\u00bb text_font_size_tablet=\u00bb\u00bb text_font_size_phone=\u00bb15px\u00bb text_font_size_last_edited=\u00bbon|phone\u00bb locked=\u00bboff\u00bb global_colors_info=\u00bb{}\u00bb]<\/p>\n<p>Las siguientes obras pertenecen a una edici\u00f3n limitada de 20 ejemplares numerados y firmados a mano por la artista.<br \/>Est\u00e1n hechas mediante la t\u00e9cnica gicl\u00e9e, es decir, son impresiones con inyecci\u00f3n de tintas pigmentadas al agua, sobre papeles de algod\u00f3n libres de \u00e1cido. Son obras con calidad de bellas artes y tienen una alt\u00edstima precisi\u00f3n y durabilidad.<\/p>\n<p>[\/et_pb_text][\/et_pb_column][\/et_pb_row][\/et_pb_section][et_pb_section fb_built=\u00bb1&#8243; custom_padding_last_edited=\u00bbon|phone\u00bb _builder_version=\u00bb4.24.0&#8243; _module_preset=\u00bbdefault\u00bb custom_padding_tablet=\u00bb\u00bb custom_padding_phone=\u00bb0px||||false|false\u00bb global_colors_info=\u00bb{}\u00bb][et_pb_row use_custom_gutter=\u00bbon\u00bb gutter_width=\u00bb2&#8243; _builder_version=\u00bb4.22.2&#8243; _module_preset=\u00bbdefault\u00bb width_tablet=\u00bb\u00bb width_phone=\u00bb\u00bb width_last_edited=\u00bbon|desktop\u00bb max_width=\u00bb1299px\u00bb max_width_tablet=\u00bb1299px\u00bb max_width_phone=\u00bb1299px\u00bb max_width_last_edited=\u00bbon|desktop\u00bb locked=\u00bboff\u00bb global_colors_info=\u00bb{}\u00bb][et_pb_column type=\u00bb4_4&#8243; _builder_version=\u00bb4.22.2&#8243; _module_preset=\u00bbdefault\u00bb global_colors_info=\u00bb{}\u00bb][et_pb_shop type=\u00bbproduct_category\u00bb posts_number=\u00bb60&#8243; include_categories=\u00bb27&#8243; icon_hover_color=\u00bb#e3b48a\u00bb hover_overlay_color=\u00bbrgba(247,247,247,0.77)\u00bb hover_icon=\u00bb&#xf06e;||fa||400&#8243; _builder_version=\u00bb4.24.0&#8243; _module_preset=\u00bbdefault\u00bb title_font=\u00bbMontserrat||||||||\u00bb title_font_size=\u00bb17px\u00bb price_font=\u00bbMontserrat|500|||||||\u00bb price_text_color=\u00bb#1e6e82&#8243; hover_enabled=\u00bb0&#8243; title_font_size_tablet=\u00bb17px\u00bb title_font_size_phone=\u00bb17px\u00bb title_font_size_last_edited=\u00bbon|desktop\u00bb global_colors_info=\u00bb{}\u00bb price_font_size=\u00bb16px\u00bb price_text_align=\u00bbright\u00bb sticky_enabled=\u00bb0&#8243;][\/et_pb_shop][\/et_pb_column][\/et_pb_row][\/et_pb_section]<\/p>\n","protected":false},"excerpt":{"rendered":"<p>PRINTSLas siguientes obras pertenecen a una edici\u00f3n limitada de 20 ejemplares numerados y firmados a mano por la artista.Est\u00e1n hechas mediante la t\u00e9cnica gicl\u00e9e, es decir, son impresiones con inyecci\u00f3n de tintas pigmentadas al agua, sobre papeles de algod\u00f3n libres de \u00e1cido. Son obras con calidad de bellas artes y tienen una alt\u00edstima precisi\u00f3n y [&hellip;]<\/p>\n","protected":false},"author":1,"featured_media":0,"parent":0,"menu_order":0,"comment_status":"closed","ping_status":"closed","template":"","meta":{"_et_pb_use_builder":"on","_et_pb_old_content":"","_et_gb_content_width":"","footnotes":""},"class_list":["post-376","page","type-page","status-publish","hentry"],"yoast_head":"<!-- This site is optimized with the Yoast SEO plugin v25.6 - https:\/\/yoast.com\/wordpress\/plugins\/seo\/ -->\n<title>Prints - Maria Moreno<\/title>\n<meta name=\"robots\" content=\"index, follow, max-snippet:-1, max-image-preview:large, max-video-preview:-1\" \/>\n<link rel=\"canonical\" href=\"https:\/\/mariamorenoarte.com\/en\/prints\/\" \/>\n<meta property=\"og:locale\" content=\"en_GB\" \/>\n<meta property=\"og:type\" content=\"article\" \/>\n<meta property=\"og:title\" content=\"Prints - Maria Moreno\" \/>\n<meta property=\"og:description\" content=\"PRINTSLas siguientes obras pertenecen a una edici\u00f3n limitada de 20 ejemplares numerados y firmados a mano por la artista.Est\u00e1n hechas mediante la t\u00e9cnica gicl\u00e9e, es decir, son impresiones con inyecci\u00f3n de tintas pigmentadas al agua, sobre papeles de algod\u00f3n libres de \u00e1cido. Son obras con calidad de bellas artes y tienen una alt\u00edstima precisi\u00f3n y [&hellip;]\" \/>\n<meta property=\"og:url\" content=\"https:\/\/mariamorenoarte.com\/en\/prints\/\" \/>\n<meta property=\"og:site_name\" content=\"Maria Moreno\" \/>\n<meta property=\"article:modified_time\" content=\"2024-02-05T10:57:25+00:00\" \/>\n<meta name=\"twitter:card\" content=\"summary_large_image\" \/>\n<meta name=\"twitter:label1\" content=\"Estimated reading time\" \/>\n\t<meta name=\"twitter:data1\" content=\"2 minutes\" \/>\n<script type=\"application\/ld+json\" class=\"yoast-schema-graph\">{\"@context\":\"https:\/\/schema.org\",\"@graph\":[{\"@type\":\"WebPage\",\"@id\":\"https:\/\/mariamorenoarte.com\/prints\",\"url\":\"https:\/\/mariamorenoarte.com\/prints\",\"name\":\"Prints - Maria Moreno\",\"isPartOf\":{\"@id\":\"https:\/\/mariamorenoarte.com\/#website\"},\"datePublished\":\"2023-10-24T23:58:27+00:00\",\"dateModified\":\"2024-02-05T10:57:25+00:00\",\"breadcrumb\":{\"@id\":\"https:\/\/mariamorenoarte.com\/prints#breadcrumb\"},\"inLanguage\":\"en-GB\",\"potentialAction\":[{\"@type\":\"ReadAction\",\"target\":[\"https:\/\/mariamorenoarte.com\/prints\"]}]},{\"@type\":\"BreadcrumbList\",\"@id\":\"https:\/\/mariamorenoarte.com\/prints#breadcrumb\",\"itemListElement\":[{\"@type\":\"ListItem\",\"position\":1,\"name\":\"Portada\",\"item\":\"https:\/\/mariamorenoarte.com\/\"},{\"@type\":\"ListItem\",\"position\":2,\"name\":\"Prints\"}]},{\"@type\":\"WebSite\",\"@id\":\"https:\/\/mariamorenoarte.com\/#website\",\"url\":\"https:\/\/mariamorenoarte.com\/\",\"name\":\"Maria Moreno\",\"description\":\"Tienda Online\",\"potentialAction\":[{\"@type\":\"SearchAction\",\"target\":{\"@type\":\"EntryPoint\",\"urlTemplate\":\"https:\/\/mariamorenoarte.com\/?s={search_term_string}\"},\"query-input\":{\"@type\":\"PropertyValueSpecification\",\"valueRequired\":true,\"valueName\":\"search_term_string\"}}],\"inLanguage\":\"en-GB\"}]}<\/script>\n<!-- \/ Yoast SEO plugin. -->","yoast_head_json":{"title":"Prints - Maria Moreno","robots":{"index":"index","follow":"follow","max-snippet":"max-snippet:-1","max-image-preview":"max-image-preview:large","max-video-preview":"max-video-preview:-1"},"canonical":"https:\/\/mariamorenoarte.com\/en\/prints\/","og_locale":"en_GB","og_type":"article","og_title":"Prints - Maria Moreno","og_description":"PRINTSLas siguientes obras pertenecen a una edici\u00f3n limitada de 20 ejemplares numerados y firmados a mano por la artista.Est\u00e1n hechas mediante la t\u00e9cnica gicl\u00e9e, es decir, son impresiones con inyecci\u00f3n de tintas pigmentadas al agua, sobre papeles de algod\u00f3n libres de \u00e1cido. Son obras con calidad de bellas artes y tienen una alt\u00edstima precisi\u00f3n y [&hellip;]","og_url":"https:\/\/mariamorenoarte.com\/en\/prints\/","og_site_name":"Maria Moreno","article_modified_time":"2024-02-05T10:57:25+00:00","twitter_card":"summary_large_image","twitter_misc":{"Estimated reading time":"2 minutes"},"schema":{"@context":"https:\/\/schema.org","@graph":[{"@type":"WebPage","@id":"https:\/\/mariamorenoarte.com\/prints","url":"https:\/\/mariamorenoarte.com\/prints","name":"Prints - Maria Moreno","isPartOf":{"@id":"https:\/\/mariamorenoarte.com\/#website"},"datePublished":"2023-10-24T23:58:27+00:00","dateModified":"2024-02-05T10:57:25+00:00","breadcrumb":{"@id":"https:\/\/mariamorenoarte.com\/prints#breadcrumb"},"inLanguage":"en-GB","potentialAction":[{"@type":"ReadAction","target":["https:\/\/mariamorenoarte.com\/prints"]}]},{"@type":"BreadcrumbList","@id":"https:\/\/mariamorenoarte.com\/prints#breadcrumb","itemListElement":[{"@type":"ListItem","position":1,"name":"Portada","item":"https:\/\/mariamorenoarte.com\/"},{"@type":"ListItem","position":2,"name":"Prints"}]},{"@type":"WebSite","@id":"https:\/\/mariamorenoarte.com\/#website","url":"https:\/\/mariamorenoarte.com\/","name":"Maria Moreno","description":"Online Shop","potentialAction":[{"@type":"SearchAction","target":{"@type":"EntryPoint","urlTemplate":"https:\/\/mariamorenoarte.com\/?s={search_term_string}"},"query-input":{"@type":"PropertyValueSpecification","valueRequired":true,"valueName":"search_term_string"}}],"inLanguage":"en-GB"}]}},"_links":{"self":[{"href":"https:\/\/mariamorenoarte.com\/en\/wp-json\/wp\/v2\/pages\/376"}],"collection":[{"href":"https:\/\/mariamorenoarte.com\/en\/wp-json\/wp\/v2\/pages"}],"about":[{"href":"https:\/\/mariamorenoarte.com\/en\/wp-json\/wp\/v2\/types\/page"}],"author":[{"embeddable":true,"href":"https:\/\/mariamorenoarte.com\/en\/wp-json\/wp\/v2\/users\/1"}],"replies":[{"embeddable":true,"href":"https:\/\/mariamorenoarte.com\/en\/wp-json\/wp\/v2\/comments?post=376"}],"version-history":[{"count":17,"href":"https:\/\/mariamorenoarte.com\/en\/wp-json\/wp\/v2\/pages\/376\/revisions"}],"predecessor-version":[{"id":1886,"href":"https:\/\/mariamorenoarte.com\/en\/wp-json\/wp\/v2\/pages\/376\/revisions\/1886"}],"wp:attachment":[{"href":"https:\/\/mariamorenoarte.com\/en\/wp-json\/wp\/v2\/media?parent=376"}],"curies":[{"name":"wp","href":"https:\/\/api.w.org\/{rel}","templated":true}]}}