{"id":36,"date":"2022-03-18T07:59:13","date_gmt":"2022-03-18T07:59:13","guid":{"rendered":"http:\/\/mariamorenoarte.com\/?page_id=36"},"modified":"2024-01-30T20:10:36","modified_gmt":"2024-01-30T20:10:36","slug":"sobre","status":"publish","type":"page","link":"https:\/\/mariamorenoarte.com\/en\/sobre","title":{"rendered":"Sobre"},"content":{"rendered":"<p>[et_pb_section fb_built=\u00bb1&#8243; admin_label=\u00bbAbout\u00bb _builder_version=\u00bb4.16&#8243; background_image=\u00bbhttps:\/\/mariamorenoarte.com\/wp-content\/uploads\/2023\/10\/art-gallery-55.jpg\u00bb background_size=\u00bbinitial\u00bb background_repeat=\u00bbrepeat\u00bb global_colors_info=\u00bb{}\u00bb][et_pb_row custom_padding_last_edited=\u00bbon|phone\u00bb _builder_version=\u00bb4.24.0&#8243; background_position=\u00bbbottom_center\u00bb custom_padding_tablet=\u00bb17vw||17vw||false\u00bb hover_enabled=\u00bb0&#8243; use_custom_width=\u00bbon\u00bb width_unit=\u00bboff\u00bb custom_width_percent=\u00bb100%\u00bb locked=\u00bboff\u00bb global_colors_info=\u00bb{}\u00bb custom_padding=\u00bb0px||0px||true|false\u00bb custom_padding_phone=\u00bb2vw||0vw||false|false\u00bb sticky_enabled=\u00bb0&#8243; width_last_edited=\u00bbon|phone\u00bb width_phone=\u00bb79%\u00bb][et_pb_column type=\u00bb4_4&#8243; _builder_version=\u00bb4.16&#8243; custom_padding=\u00bb|||\u00bb global_colors_info=\u00bb{}\u00bb custom_padding__hover=\u00bb|||\u00bb][et_pb_text _builder_version=\u00bb4.24.0&#8243; text_font=\u00bb||||||||\u00bb header_font=\u00bb||||||||\u00bb header_2_font=\u00bbMontserrat|200|||||||\u00bb header_2_text_align=\u00bbleft\u00bb header_2_font_size=\u00bb45px\u00bb header_2_line_height=\u00bb1.3em\u00bb transform_translate_linked=\u00bboff\u00bb max_width=\u00bb100%\u00bb max_width_tablet=\u00bb70%\u00bb max_width_last_edited=\u00bboff|phone\u00bb hover_enabled=\u00bb0&#8243; header_2_font_size_tablet=\u00bb40px\u00bb header_2_font_size_phone=\u00bb26px\u00bb header_2_font_size_last_edited=\u00bbon|desktop\u00bb global_colors_info=\u00bb{}\u00bb header_2_text_align_last_edited=\u00bbon|phone\u00bb header_2_text_align_phone=\u00bbright\u00bb sticky_enabled=\u00bb0&#8243; header_2_text_align_tablet=\u00bbleft\u00bb]<\/p>\n<h2>ARTIST STATEMENT<\/h2>\n<p>[\/et_pb_text][\/et_pb_column][\/et_pb_row][et_pb_row column_structure=\u00bb2_5,3_5&#8243; _builder_version=\u00bb4.24.0&#8243; max_width=\u00bb1280px\u00bb hover_enabled=\u00bb0&#8243; global_colors_info=\u00bb{}\u00bb max_width_last_edited=\u00bbon|phone\u00bb width_last_edited=\u00bbon|phone\u00bb width_phone=\u00bb94%\u00bb sticky_enabled=\u00bb0&#8243; custom_padding_last_edited=\u00bbon|phone\u00bb custom_padding_phone=\u00bb1px||||false|false\u00bb max_width_tablet=\u00bb1280px\u00bb max_width_phone=\u00bb1280px\u00bb][et_pb_column type=\u00bb2_5&#8243; _builder_version=\u00bb4.24.0&#8243; custom_padding=\u00bb|||\u00bb hover_enabled=\u00bb0&#8243; global_colors_info=\u00bb{}\u00bb custom_padding__hover=\u00bb|||\u00bb sticky_enabled=\u00bb0&#8243;][et_pb_image src=\u00bbhttps:\/\/mariamorenoarte.com\/wp-content\/uploads\/2023\/10\/MariaMoreno0183-1.jpg\u00bb title_text=\u00bbMariaMoreno0183-1&#8243; _builder_version=\u00bb4.24.0&#8243; background_image=\u00bbhttps:\/\/mariamorenoarte.com\/wp-content\/uploads\/2023\/10\/art-gallery-56.png\u00bb background_size=\u00bbinitial\u00bb background_position=\u00bbbottom_left\u00bb max_width_tablet=\u00bb560px\u00bb max_width_last_edited=\u00bboff|tablet\u00bb module_alignment=\u00bbright\u00bb custom_margin=\u00bb|-200px||\u00bb custom_margin_tablet=\u00bb|0px||\u00bb custom_margin_last_edited=\u00bbon|tablet\u00bb custom_padding=\u00bb||40px|78px||\u00bb custom_padding_tablet=\u00bb40px|30px|0px|0px\u00bb custom_padding_phone=\u00bb0px|33px||0px|false|false\u00bb custom_padding_last_edited=\u00bbon|tablet\u00bb hover_enabled=\u00bb0&#8243; background_last_edited=\u00bbon|desktop\u00bb background_position_tablet=\u00bbtop_right\u00bb box_shadow_style=\u00bbpreset3&#8243; box_shadow_vertical=\u00bb20px\u00bb box_shadow_blur=\u00bb80px\u00bb box_shadow_spread=\u00bb0px\u00bb box_shadow_color=\u00bbrgba(67,58,122,0.2)\u00bb global_colors_info=\u00bb{}\u00bb background_enable_image_phone=\u00bboff\u00bb sticky_enabled=\u00bb0&#8243; align_last_edited=\u00bbon|phone\u00bb align_phone=\u00bbleft\u00bb width_last_edited=\u00bbon|phone\u00bb width_phone=\u00bb63%\u00bb custom_margin_phone=\u00bb|0px||\u00bb][\/et_pb_image][\/et_pb_column][et_pb_column type=\u00bb3_5&#8243; _builder_version=\u00bb4.24.0&#8243; custom_padding=\u00bb|||\u00bb hover_enabled=\u00bb0&#8243; global_colors_info=\u00bb{}\u00bb custom_padding__hover=\u00bb|||\u00bb sticky_enabled=\u00bb0&#8243;][et_pb_text _builder_version=\u00bb4.24.0&#8243; text_font=\u00bbMontserrat||||||||\u00bb header_font=\u00bb|700|||||||\u00bb header_font_size=\u00bb20px\u00bb header_line_height=\u00bb1.3em\u00bb header_3_font=\u00bbMontserrat||||||||\u00bb header_3_font_size=\u00bb17px\u00bb header_3_line_height=\u00bb1.3em\u00bb background_color=\u00bb#ffffff\u00bb text_orientation=\u00bbcenter\u00bb custom_margin=\u00bb124px||||false|false\u00bb custom_margin_tablet=\u00bb0px|||\u00bb custom_margin_phone=\u00bb\u00bb custom_margin_last_edited=\u00bbon|tablet\u00bb custom_padding=\u00bb20px|40px|20px|40px|true|true\u00bb hover_enabled=\u00bb0&#8243; header_font_size_tablet=\u00bb\u00bb header_font_size_phone=\u00bb\u00bb header_font_size_last_edited=\u00bbon|desktop\u00bb box_shadow_style=\u00bbpreset3&#8243; box_shadow_horizontal=\u00bb-70px\u00bb box_shadow_vertical=\u00bb70px\u00bb box_shadow_blur=\u00bb80px\u00bb box_shadow_spread=\u00bb0px\u00bb box_shadow_color=\u00bbrgba(67,58,122,0.1)\u00bb global_colors_info=\u00bb{}\u00bb sticky_enabled=\u00bb0&#8243;]<\/p>\n<h3 style=\"text-align: justify;\"><\/h3>\n<h3 style=\"text-align: right;\"><em>\u201cYo soy el espacio que habito.\u201d<\/em><\/h3>\n<p><em><\/em><\/p>\n<p style=\"text-align: justify;\">La pintura abstracta es para m\u00ed un medio apasionante con el que contar secretos o inventar historias; es mi lenguaje m\u00e1s sincero. Texturas, colores, palabras que nacen del lugar que habito e inspiradas por el juego y la intuici\u00f3n.<br \/>En mi obra, una serie de motivos con rasgos poco definidos se ubican en escenarios acaso des\u00e9rticos, en los que cualquier figurante es et\u00e9reo excepto la luz y el aire. Ambos elementos vuelven una y otra vez a desordenar un paisaje de monta\u00f1as arrugadas, no muy lejos del mar.<br \/>Un espacio siempre simb\u00f3lico y figuras que se mueven con los vientos del sur, son la propuesta para desvelar un imaginario personal al que te invito a entrar.<\/p>\n<p>[\/et_pb_text][et_pb_text _builder_version=\u00bb4.24.0&#8243; text_font=\u00bb||||||||\u00bb header_font=\u00bb||||||||\u00bb header_2_font=\u00bbMontserrat|200|||||||\u00bb header_2_text_align=\u00bbright\u00bb header_2_font_size=\u00bb35px\u00bb header_2_line_height=\u00bb1.3em\u00bb transform_translate_linked=\u00bboff\u00bb max_width=\u00bb100%\u00bb max_width_tablet=\u00bb70%\u00bb max_width_last_edited=\u00bboff|phone\u00bb hover_enabled=\u00bb0&#8243; header_2_font_size_tablet=\u00bb40px\u00bb header_2_font_size_phone=\u00bb22px\u00bb header_2_font_size_last_edited=\u00bbon|desktop\u00bb global_colors_info=\u00bb{}\u00bb custom_margin_last_edited=\u00bbon|phone\u00bb custom_margin_phone=\u00bb|42px|||false|false\u00bb sticky_enabled=\u00bb0&#8243;]<\/p>\n<h2>MARIA MORENO<\/h2>\n<p>[\/et_pb_text][\/et_pb_column][\/et_pb_row][\/et_pb_section]<\/p>\n","protected":false},"excerpt":{"rendered":"<p>ARTIST STATEMENT \u201cYo soy el espacio que habito.\u201d La pintura abstracta es para m\u00ed un medio apasionante con el que contar secretos o inventar historias; es mi lenguaje m\u00e1s sincero. Texturas, colores, palabras que nacen del lugar que habito e inspiradas por el juego y la intuici\u00f3n.En mi obra, una serie de motivos con rasgos [&hellip;]<\/p>\n","protected":false},"author":0,"featured_media":0,"parent":0,"menu_order":0,"comment_status":"closed","ping_status":"closed","template":"","meta":{"_et_pb_use_builder":"on","_et_pb_old_content":"<!-- wp:cover {\"url\":\"http:\/\/mariamorenoarte.com\/wp-content\/uploads\/2022\/03\/wide-neutra.jpg\",\"id\":11304,\"dimRatio\":50,\"overlayColor\":\"primary\",\"minHeight\":500,\"isDark\":false,\"align\":\"full\"} -->\n<div class=\"wp-block-cover alignfull is-light\" style=\"min-height:500px\"><span aria-hidden=\"true\" class=\"wp-block-cover__background has-primary-background-color has-background-dim\"><\/span><img class=\"wp-block-cover__image-background wp-image-11304\" alt=\"\" src=\"http:\/\/mariamorenoarte.com\/wp-content\/uploads\/2022\/03\/wide-neutra.jpg\" data-object-fit=\"cover\"\/><div class=\"wp-block-cover__inner-container\"><!-- wp:heading {\"textAlign\":\"center\",\"level\":1,\"textColor\":\"background\",\"fontSize\":\"xx-large\"} -->\n<h1 class=\"has-text-align-center has-background-color has-text-color has-xx-large-font-size\">Sobre<\/h1>\n<!-- \/wp:heading --><\/div><\/div>\n<!-- \/wp:cover -->\n\n<!-- wp:spacer {\"height\":\"20px\"} -->\n<div style=\"height:20px\" aria-hidden=\"true\" class=\"wp-block-spacer\"><\/div>\n<!-- \/wp:spacer -->\n\n<!-- wp:paragraph {\"style\":{\"spacing\":{\"margin\":{\"top\":\"var:preset|spacing|40\",\"right\":\"var:preset|spacing|40\",\"bottom\":\"var:preset|spacing|40\",\"left\":\"var:preset|spacing|40\"}}}} -->\n<p style=\"margin-top:var(--wp--preset--spacing--40);margin-right:var(--wp--preset--spacing--40);margin-bottom:var(--wp--preset--spacing--40);margin-left:var(--wp--preset--spacing--40)\">Aprovecha para contarle a tus clientes y potenciales clientes qui\u00e9n est\u00e1 detr\u00e1s de esta web, tu historia de vida, y alguna an\u00e9cdota que quieras compartir. Utiliza esta p\u00e1gina para empatizar.<\/p>\n<!-- \/wp:paragraph -->\n\n<!-- wp:spacer {\"height\":\"20px\"} -->\n<div style=\"height:20px\" aria-hidden=\"true\" class=\"wp-block-spacer\"><\/div>\n<!-- \/wp:spacer -->\n\n<!-- wp:spacer {\"height\":\"20px\"} -->\n<div style=\"height:20px\" aria-hidden=\"true\" class=\"wp-block-spacer\"><\/div>\n<!-- \/wp:spacer -->\n\n<!-- wp:group {\"align\":\"full\",\"backgroundColor\":\"tertiary\",\"layout\":{\"wideSize\":\"1000px\"}} -->\n<div class=\"wp-block-group alignfull has-tertiary-background-color has-background\"><!-- wp:heading {\"textAlign\":\"left\",\"fontSize\":\"x-large\"} -->\n<h2 class=\"has-text-align-left has-x-large-font-size\">Tu historia<\/h2>\n<!-- \/wp:heading -->\n\n<!-- wp:paragraph {\"align\":\"left\",\"fontSize\":\"medium\"} -->\n<p class=\"has-text-align-left has-medium-font-size\">Cuenta en este p\u00e1rrafo c\u00f3mo naci\u00f3 tu idea de negocio, qui\u00e9n est\u00e1 detr\u00e1s de \u00e9l, d\u00f3nde est\u00e1 la ubicaci\u00f3n y alguna an\u00e9cdota que te ayude a empatizar con el lector. <\/p>\n<!-- \/wp:paragraph -->\n\n<!-- wp:image {\"align\":\"center\",\"id\":11325,\"sizeSlug\":\"large\",\"linkDestination\":\"none\"} -->\n<figure class=\"wp-block-image aligncenter size-large\"><img src=\"http:\/\/mariamorenoarte.com\/wp-content\/plugins\/wp-optimizado\/admin\/assets\/image\/landscape-1024x666.jpg\" alt=\"\" class=\"wp-image-11325\"\/><\/figure>\n<!-- \/wp:image --><\/div>\n<!-- \/wp:group -->\n\n<!-- wp:group {\"align\":\"full\",\"layout\":{\"wideSize\":\"1000px\"}} -->\n<div class=\"wp-block-group alignfull\"><!-- wp:heading {\"fontSize\":\"x-large\"} -->\n<h2 class=\"has-x-large-font-size\">Qu\u00e9 ofreces<\/h2>\n<!-- \/wp:heading -->\n\n<!-- wp:paragraph {\"fontSize\":\"medium\"} -->\n<p class=\"has-medium-font-size\">Explica cu\u00e1les son tus retos y tus mayores desaf\u00edos. Recuerda que lo m\u00e1s importante es que tu cliente te vea natural y quiera saber m\u00e1s de ti.<\/p>\n<!-- \/wp:paragraph -->\n\n<!-- wp:image {\"align\":\"center\",\"id\":11325,\"sizeSlug\":\"large\",\"linkDestination\":\"none\"} -->\n<figure class=\"wp-block-image aligncenter size-large\"><img src=\"http:\/\/mariamorenoarte.com\/wp-content\/plugins\/wp-optimizado\/admin\/assets\/image\/landscape-1024x666.jpg\" alt=\"\" class=\"wp-image-11325\"\/><\/figure>\n<!-- \/wp:image --><\/div>\n<!-- \/wp:group -->\n\n<!-- wp:group {\"align\":\"full\",\"backgroundColor\":\"tertiary\",\"layout\":{\"wideSize\":\"1000px\"}} -->\n<div class=\"wp-block-group alignfull has-tertiary-background-color has-background\"><!-- wp:heading {\"fontSize\":\"x-large\"} -->\n<h2 class=\"has-x-large-font-size\">Qu\u00e9 te diferencia<\/h2>\n<!-- \/wp:heading -->\n\n<!-- wp:paragraph {\"fontSize\":\"medium\"} -->\n<p class=\"has-medium-font-size\">Aqu\u00ed puedes detallar qu\u00e9 es lo que ofreces que te diferencia de otras empresas o productos. C\u00e9ntrate en pocas diferencias, pero que generen mucho valor. <\/p>\n<!-- \/wp:paragraph -->\n\n<!-- wp:image {\"align\":\"center\",\"id\":11325,\"sizeSlug\":\"large\",\"linkDestination\":\"none\"} -->\n<figure class=\"wp-block-image aligncenter size-large\"><img src=\"http:\/\/mariamorenoarte.com\/wp-content\/plugins\/wp-optimizado\/admin\/assets\/image\/landscape-1024x666.jpg\" alt=\"\" class=\"wp-image-11325\"\/><\/figure>\n<!-- \/wp:image --><\/div>\n<!-- \/wp:group -->","_et_gb_content_width":"","footnotes":""},"class_list":["post-36","page","type-page","status-publish","hentry"],"yoast_head":"<!-- This site is optimized with the Yoast SEO plugin v25.6 - https:\/\/yoast.com\/wordpress\/plugins\/seo\/ -->\n<title>Sobre - Maria Moreno<\/title>\n<meta name=\"robots\" content=\"index, follow, max-snippet:-1, max-image-preview:large, max-video-preview:-1\" \/>\n<link rel=\"canonical\" href=\"https:\/\/mariamorenoarte.com\/en\/sobre\/\" \/>\n<meta property=\"og:locale\" content=\"en_GB\" \/>\n<meta property=\"og:type\" content=\"article\" \/>\n<meta property=\"og:title\" content=\"Sobre - Maria Moreno\" \/>\n<meta property=\"og:description\" content=\"ARTIST STATEMENT \u201cYo soy el espacio que habito.\u201d La pintura abstracta es para m\u00ed un medio apasionante con el que contar secretos o inventar historias; es mi lenguaje m\u00e1s sincero. Texturas, colores, palabras que nacen del lugar que habito e inspiradas por el juego y la intuici\u00f3n.En mi obra, una serie de motivos con rasgos [&hellip;]\" \/>\n<meta property=\"og:url\" content=\"https:\/\/mariamorenoarte.com\/en\/sobre\/\" \/>\n<meta property=\"og:site_name\" content=\"Maria Moreno\" \/>\n<meta property=\"article:modified_time\" content=\"2024-01-30T20:10:36+00:00\" \/>\n<meta name=\"twitter:card\" content=\"summary_large_image\" \/>\n<meta name=\"twitter:label1\" content=\"Estimated reading time\" \/>\n\t<meta name=\"twitter:data1\" content=\"4 minutes\" \/>\n<script type=\"application\/ld+json\" class=\"yoast-schema-graph\">{\"@context\":\"https:\/\/schema.org\",\"@graph\":[{\"@type\":\"WebPage\",\"@id\":\"https:\/\/mariamorenoarte.com\/sobre\",\"url\":\"https:\/\/mariamorenoarte.com\/sobre\",\"name\":\"Sobre - Maria Moreno\",\"isPartOf\":{\"@id\":\"https:\/\/mariamorenoarte.com\/#website\"},\"datePublished\":\"2022-03-18T07:59:13+00:00\",\"dateModified\":\"2024-01-30T20:10:36+00:00\",\"breadcrumb\":{\"@id\":\"https:\/\/mariamorenoarte.com\/sobre#breadcrumb\"},\"inLanguage\":\"en-GB\",\"potentialAction\":[{\"@type\":\"ReadAction\",\"target\":[\"https:\/\/mariamorenoarte.com\/sobre\"]}]},{\"@type\":\"BreadcrumbList\",\"@id\":\"https:\/\/mariamorenoarte.com\/sobre#breadcrumb\",\"itemListElement\":[{\"@type\":\"ListItem\",\"position\":1,\"name\":\"Portada\",\"item\":\"https:\/\/mariamorenoarte.com\/\"},{\"@type\":\"ListItem\",\"position\":2,\"name\":\"Sobre\"}]},{\"@type\":\"WebSite\",\"@id\":\"https:\/\/mariamorenoarte.com\/#website\",\"url\":\"https:\/\/mariamorenoarte.com\/\",\"name\":\"Maria Moreno\",\"description\":\"Tienda Online\",\"potentialAction\":[{\"@type\":\"SearchAction\",\"target\":{\"@type\":\"EntryPoint\",\"urlTemplate\":\"https:\/\/mariamorenoarte.com\/?s={search_term_string}\"},\"query-input\":{\"@type\":\"PropertyValueSpecification\",\"valueRequired\":true,\"valueName\":\"search_term_string\"}}],\"inLanguage\":\"en-GB\"}]}<\/script>\n<!-- \/ Yoast SEO plugin. -->","yoast_head_json":{"title":"Sobre - Maria Moreno","robots":{"index":"index","follow":"follow","max-snippet":"max-snippet:-1","max-image-preview":"max-image-preview:large","max-video-preview":"max-video-preview:-1"},"canonical":"https:\/\/mariamorenoarte.com\/en\/sobre\/","og_locale":"en_GB","og_type":"article","og_title":"Sobre - Maria Moreno","og_description":"ARTIST STATEMENT \u201cYo soy el espacio que habito.\u201d La pintura abstracta es para m\u00ed un medio apasionante con el que contar secretos o inventar historias; es mi lenguaje m\u00e1s sincero. Texturas, colores, palabras que nacen del lugar que habito e inspiradas por el juego y la intuici\u00f3n.En mi obra, una serie de motivos con rasgos [&hellip;]","og_url":"https:\/\/mariamorenoarte.com\/en\/sobre\/","og_site_name":"Maria Moreno","article_modified_time":"2024-01-30T20:10:36+00:00","twitter_card":"summary_large_image","twitter_misc":{"Estimated reading time":"4 minutes"},"schema":{"@context":"https:\/\/schema.org","@graph":[{"@type":"WebPage","@id":"https:\/\/mariamorenoarte.com\/sobre","url":"https:\/\/mariamorenoarte.com\/sobre","name":"Sobre - Maria Moreno","isPartOf":{"@id":"https:\/\/mariamorenoarte.com\/#website"},"datePublished":"2022-03-18T07:59:13+00:00","dateModified":"2024-01-30T20:10:36+00:00","breadcrumb":{"@id":"https:\/\/mariamorenoarte.com\/sobre#breadcrumb"},"inLanguage":"en-GB","potentialAction":[{"@type":"ReadAction","target":["https:\/\/mariamorenoarte.com\/sobre"]}]},{"@type":"BreadcrumbList","@id":"https:\/\/mariamorenoarte.com\/sobre#breadcrumb","itemListElement":[{"@type":"ListItem","position":1,"name":"Portada","item":"https:\/\/mariamorenoarte.com\/"},{"@type":"ListItem","position":2,"name":"Sobre"}]},{"@type":"WebSite","@id":"https:\/\/mariamorenoarte.com\/#website","url":"https:\/\/mariamorenoarte.com\/","name":"Maria Moreno","description":"Online Shop","potentialAction":[{"@type":"SearchAction","target":{"@type":"EntryPoint","urlTemplate":"https:\/\/mariamorenoarte.com\/?s={search_term_string}"},"query-input":{"@type":"PropertyValueSpecification","valueRequired":true,"valueName":"search_term_string"}}],"inLanguage":"en-GB"}]}},"_links":{"self":[{"href":"https:\/\/mariamorenoarte.com\/en\/wp-json\/wp\/v2\/pages\/36"}],"collection":[{"href":"https:\/\/mariamorenoarte.com\/en\/wp-json\/wp\/v2\/pages"}],"about":[{"href":"https:\/\/mariamorenoarte.com\/en\/wp-json\/wp\/v2\/types\/page"}],"replies":[{"embeddable":true,"href":"https:\/\/mariamorenoarte.com\/en\/wp-json\/wp\/v2\/comments?post=36"}],"version-history":[{"count":14,"href":"https:\/\/mariamorenoarte.com\/en\/wp-json\/wp\/v2\/pages\/36\/revisions"}],"predecessor-version":[{"id":1728,"href":"https:\/\/mariamorenoarte.com\/en\/wp-json\/wp\/v2\/pages\/36\/revisions\/1728"}],"wp:attachment":[{"href":"https:\/\/mariamorenoarte.com\/en\/wp-json\/wp\/v2\/media?parent=36"}],"curies":[{"name":"wp","href":"https:\/\/api.w.org\/{rel}","templated":true}]}}