{"id":321,"date":"2023-10-10T13:21:52","date_gmt":"2023-10-10T13:21:52","guid":{"rendered":"http:\/\/mariamorenoarte.com\/?page_id=321"},"modified":"2024-09-20T11:57:15","modified_gmt":"2024-09-20T11:57:15","slug":"cabo-coleccion","status":"publish","type":"page","link":"https:\/\/mariamorenoarte.com\/en\/cabo-coleccion","title":{"rendered":"CABO COLECCI\u00d3N"},"content":{"rendered":"<p>[et_pb_section fb_built=\u00bb1&#8243; custom_padding_last_edited=\u00bbon|desktop\u00bb _builder_version=\u00bb4.22.2&#8243; _module_preset=\u00bbdefault\u00bb custom_padding=\u00bb0px||0px||true|false\u00bb custom_padding_tablet=\u00bb0px||0px||true|false\u00bb custom_padding_phone=\u00bb0px||0px||true|false\u00bb global_colors_info=\u00bb{}\u00bb][et_pb_row column_structure=\u00bb1_3,2_3&#8243; use_custom_gutter=\u00bbon\u00bb gutter_width=\u00bb2&#8243; custom_padding_last_edited=\u00bbon|desktop\u00bb _builder_version=\u00bb4.24.0&#8243; _module_preset=\u00bbdefault\u00bb width=\u00bb91%\u00bb width_tablet=\u00bb100%\u00bb width_phone=\u00bb100%\u00bb width_last_edited=\u00bbon|desktop\u00bb max_width=\u00bb4560px\u00bb max_width_tablet=\u00bb4560px\u00bb max_width_phone=\u00bb4560px\u00bb max_width_last_edited=\u00bbon|desktop\u00bb custom_margin=\u00bb||||true\u00bb custom_margin_tablet=\u00bb||||true\u00bb custom_margin_phone=\u00bb||||true\u00bb custom_margin_last_edited=\u00bbon|desktop\u00bb custom_padding=\u00bb||0vw||false|false\u00bb custom_padding_tablet=\u00bb||0vw||false|false\u00bb custom_padding_phone=\u00bb||0vw||false|false\u00bb global_colors_info=\u00bb{}\u00bb][et_pb_column type=\u00bb1_3&#8243; _builder_version=\u00bb4.24.0&#8243; _module_preset=\u00bbdefault\u00bb background_color=\u00bb#85c0cd\u00bb custom_padding=\u00bb72px|36px|72px|36px|true|true\u00bb custom_padding_tablet=\u00bb72px|36px|72px|36px|true|true\u00bb custom_padding_phone=\u00bb72px|36px|0px|36px|false|true\u00bb custom_padding_last_edited=\u00bbon|desktop\u00bb global_colors_info=\u00bb{}\u00bb][et_pb_text _builder_version=\u00bb4.24.0&#8243; _module_preset=\u00bbdefault\u00bb text_font=\u00bbMontserrat|700||on|||||\u00bb text_font_size=\u00bb24px\u00bb text_line_height=\u00bb1.1em\u00bb width=\u00bb61%\u00bb custom_padding=\u00bb26px||7px|29px|false|false\u00bb custom_padding_tablet=\u00bb26px||7px|29px|false|false\u00bb custom_padding_phone=\u00bb26px||7px|29px|false|false\u00bb custom_padding_last_edited=\u00bbon|desktop\u00bb text_font_size_tablet=\u00bb37px\u00bb text_font_size_phone=\u00bb20px\u00bb text_font_size_last_edited=\u00bbon|desktop\u00bb border_radii=\u00bboff||||\u00bb border_color_top=\u00bbRGBA(255,255,255,0)\u00bb box_shadow_style=\u00bbpreset7&#8243; box_shadow_horizontal=\u00bb11px\u00bb box_shadow_color=\u00bb#6d7776&#8243; global_colors_info=\u00bb{}\u00bb]<\/p>\n<p>CABO<br \/>COLECCI\u00d3N<\/p>\n<p>[\/et_pb_text][et_pb_text _builder_version=\u00bb4.24.0&#8243; _module_preset=\u00bbdefault\u00bb text_font=\u00bbMontserrat|600|||||||\u00bb custom_margin=\u00bb||59vw||false|false\u00bb custom_margin_tablet=\u00bb||59vw||false|false\u00bb custom_margin_phone=\u00bb||13vw||false|false\u00bb custom_margin_last_edited=\u00bbon|desktop\u00bb global_colors_info=\u00bb{}\u00bb]<\/p>\n<p>Inspirados en los fondos marinos del Cabo de Gata (Almer\u00eda, Espa\u00f1a) las piezas de esta serie recrean el colorido y la singularidad de los paisajes escondidos que nos regala el mar mediterr\u00e1neo.<\/p>\n<p>A trav\u00e9s de un lenguaje abstracto y personal, estas pinturas aportan una visi\u00f3n distinta y original de la flora marina.<\/p>\n<p>Estas obras son ideales para formar parte de espacios dom\u00e9sticos, alojamientos tur\u00edsticos o cualquier tipo de vivienda que necesite un toque de color y dinamismo en su interior. Y est\u00e1n pensadas especialmente para aquellos que como yo, amamos el mar y la paz que nos regala.<\/p>\n<p>[\/et_pb_text][\/et_pb_column][et_pb_column type=\u00bb2_3&#8243; _builder_version=\u00bb4.24.0&#8243; _module_preset=\u00bbdefault\u00bb custom_padding=\u00bb70px|200px||200px|false|true\u00bb custom_padding_tablet=\u00bb70px|200px||200px|false|true\u00bb custom_padding_phone=\u00bb70px|15px||15px|false|true\u00bb custom_padding_last_edited=\u00bbon|desktop\u00bb global_colors_info=\u00bb{}\u00bb][et_pb_shop type=\u00bbproduct_category\u00bb posts_number=\u00bb9&#8243; include_categories=\u00bb30&#8243; columns_number=\u00bb2&#8243; icon_hover_color=\u00bb#e3b48a\u00bb hover_overlay_color=\u00bbrgba(247,247,247,0.77)\u00bb hover_icon=\u00bb&#xf06e;||fa||400&#8243; _builder_version=\u00bb4.27.0&#8243; _module_preset=\u00bbdefault\u00bb title_font=\u00bbMontserrat||||||||\u00bb title_font_size=\u00bb17px\u00bb price_font=\u00bbMontserrat|500|||||||\u00bb price_text_color=\u00bb#1e6e82&#8243; custom_margin=\u00bb|-80px||-80px|false|false\u00bb hover_enabled=\u00bb0&#8243; title_font_size_tablet=\u00bb17px\u00bb title_font_size_phone=\u00bb17px\u00bb title_font_size_last_edited=\u00bbon|desktop\u00bb border_width_all_image=\u00bb4px\u00bb border_color_all_image=\u00bbRGBA(255,255,255,0)\u00bb locked=\u00bboff\u00bb global_colors_info=\u00bb{}\u00bb sticky_enabled=\u00bb0&#8243;][\/et_pb_shop][\/et_pb_column][\/et_pb_row][\/et_pb_section]<\/p>\n","protected":false},"excerpt":{"rendered":"<p>CABOCOLECCI\u00d3NInspirados en los fondos marinos del Cabo de Gata (Almer\u00eda, Espa\u00f1a) las piezas de esta serie recrean el colorido y la singularidad de los paisajes escondidos que nos regala el mar mediterr\u00e1neo. A trav\u00e9s de un lenguaje abstracto y personal, estas pinturas aportan una visi\u00f3n distinta y original de la flora marina. Estas obras son [&hellip;]<\/p>\n","protected":false},"author":1,"featured_media":0,"parent":0,"menu_order":0,"comment_status":"closed","ping_status":"closed","template":"","meta":{"_et_pb_use_builder":"on","_et_pb_old_content":"","_et_gb_content_width":"","footnotes":""},"class_list":["post-321","page","type-page","status-publish","hentry"],"yoast_head":"<!-- This site is optimized with the Yoast SEO plugin v25.6 - https:\/\/yoast.com\/wordpress\/plugins\/seo\/ -->\n<title>CABO COLECCI\u00d3N - Maria Moreno<\/title>\n<meta name=\"robots\" content=\"index, follow, max-snippet:-1, max-image-preview:large, max-video-preview:-1\" \/>\n<link rel=\"canonical\" href=\"https:\/\/mariamorenoarte.com\/en\/cabo-coleccion\/\" \/>\n<meta property=\"og:locale\" content=\"en_GB\" \/>\n<meta property=\"og:type\" content=\"article\" \/>\n<meta property=\"og:title\" content=\"CABO COLECCI\u00d3N - Maria Moreno\" \/>\n<meta property=\"og:description\" content=\"CABOCOLECCI\u00d3NInspirados en los fondos marinos del Cabo de Gata (Almer\u00eda, Espa\u00f1a) las piezas de esta serie recrean el colorido y la singularidad de los paisajes escondidos que nos regala el mar mediterr\u00e1neo. A trav\u00e9s de un lenguaje abstracto y personal, estas pinturas aportan una visi\u00f3n distinta y original de la flora marina. Estas obras son [&hellip;]\" \/>\n<meta property=\"og:url\" content=\"https:\/\/mariamorenoarte.com\/en\/cabo-coleccion\/\" \/>\n<meta property=\"og:site_name\" content=\"Maria Moreno\" \/>\n<meta property=\"article:modified_time\" content=\"2024-09-20T11:57:15+00:00\" \/>\n<meta name=\"twitter:card\" content=\"summary_large_image\" \/>\n<meta name=\"twitter:label1\" content=\"Estimated reading time\" \/>\n\t<meta name=\"twitter:data1\" content=\"3 minutes\" \/>\n<script type=\"application\/ld+json\" class=\"yoast-schema-graph\">{\"@context\":\"https:\/\/schema.org\",\"@graph\":[{\"@type\":\"WebPage\",\"@id\":\"https:\/\/mariamorenoarte.com\/cabo-coleccion\",\"url\":\"https:\/\/mariamorenoarte.com\/cabo-coleccion\",\"name\":\"CABO COLECCI\u00d3N - Maria Moreno\",\"isPartOf\":{\"@id\":\"https:\/\/mariamorenoarte.com\/#website\"},\"datePublished\":\"2023-10-10T13:21:52+00:00\",\"dateModified\":\"2024-09-20T11:57:15+00:00\",\"breadcrumb\":{\"@id\":\"https:\/\/mariamorenoarte.com\/cabo-coleccion#breadcrumb\"},\"inLanguage\":\"en-GB\",\"potentialAction\":[{\"@type\":\"ReadAction\",\"target\":[\"https:\/\/mariamorenoarte.com\/cabo-coleccion\"]}]},{\"@type\":\"BreadcrumbList\",\"@id\":\"https:\/\/mariamorenoarte.com\/cabo-coleccion#breadcrumb\",\"itemListElement\":[{\"@type\":\"ListItem\",\"position\":1,\"name\":\"Portada\",\"item\":\"https:\/\/mariamorenoarte.com\/\"},{\"@type\":\"ListItem\",\"position\":2,\"name\":\"CABO COLECCI\u00d3N\"}]},{\"@type\":\"WebSite\",\"@id\":\"https:\/\/mariamorenoarte.com\/#website\",\"url\":\"https:\/\/mariamorenoarte.com\/\",\"name\":\"Maria Moreno\",\"description\":\"Tienda Online\",\"potentialAction\":[{\"@type\":\"SearchAction\",\"target\":{\"@type\":\"EntryPoint\",\"urlTemplate\":\"https:\/\/mariamorenoarte.com\/?s={search_term_string}\"},\"query-input\":{\"@type\":\"PropertyValueSpecification\",\"valueRequired\":true,\"valueName\":\"search_term_string\"}}],\"inLanguage\":\"en-GB\"}]}<\/script>\n<!-- \/ Yoast SEO plugin. -->","yoast_head_json":{"title":"CABO COLECCI\u00d3N - Maria Moreno","robots":{"index":"index","follow":"follow","max-snippet":"max-snippet:-1","max-image-preview":"max-image-preview:large","max-video-preview":"max-video-preview:-1"},"canonical":"https:\/\/mariamorenoarte.com\/en\/cabo-coleccion\/","og_locale":"en_GB","og_type":"article","og_title":"CABO COLECCI\u00d3N - Maria Moreno","og_description":"CABOCOLECCI\u00d3NInspirados en los fondos marinos del Cabo de Gata (Almer\u00eda, Espa\u00f1a) las piezas de esta serie recrean el colorido y la singularidad de los paisajes escondidos que nos regala el mar mediterr\u00e1neo. A trav\u00e9s de un lenguaje abstracto y personal, estas pinturas aportan una visi\u00f3n distinta y original de la flora marina. Estas obras son [&hellip;]","og_url":"https:\/\/mariamorenoarte.com\/en\/cabo-coleccion\/","og_site_name":"Maria Moreno","article_modified_time":"2024-09-20T11:57:15+00:00","twitter_card":"summary_large_image","twitter_misc":{"Estimated reading time":"3 minutes"},"schema":{"@context":"https:\/\/schema.org","@graph":[{"@type":"WebPage","@id":"https:\/\/mariamorenoarte.com\/cabo-coleccion","url":"https:\/\/mariamorenoarte.com\/cabo-coleccion","name":"CABO COLECCI\u00d3N - Maria Moreno","isPartOf":{"@id":"https:\/\/mariamorenoarte.com\/#website"},"datePublished":"2023-10-10T13:21:52+00:00","dateModified":"2024-09-20T11:57:15+00:00","breadcrumb":{"@id":"https:\/\/mariamorenoarte.com\/cabo-coleccion#breadcrumb"},"inLanguage":"en-GB","potentialAction":[{"@type":"ReadAction","target":["https:\/\/mariamorenoarte.com\/cabo-coleccion"]}]},{"@type":"BreadcrumbList","@id":"https:\/\/mariamorenoarte.com\/cabo-coleccion#breadcrumb","itemListElement":[{"@type":"ListItem","position":1,"name":"Portada","item":"https:\/\/mariamorenoarte.com\/"},{"@type":"ListItem","position":2,"name":"CABO COLECCI\u00d3N"}]},{"@type":"WebSite","@id":"https:\/\/mariamorenoarte.com\/#website","url":"https:\/\/mariamorenoarte.com\/","name":"Maria Moreno","description":"Online Shop","potentialAction":[{"@type":"SearchAction","target":{"@type":"EntryPoint","urlTemplate":"https:\/\/mariamorenoarte.com\/?s={search_term_string}"},"query-input":{"@type":"PropertyValueSpecification","valueRequired":true,"valueName":"search_term_string"}}],"inLanguage":"en-GB"}]}},"_links":{"self":[{"href":"https:\/\/mariamorenoarte.com\/en\/wp-json\/wp\/v2\/pages\/321"}],"collection":[{"href":"https:\/\/mariamorenoarte.com\/en\/wp-json\/wp\/v2\/pages"}],"about":[{"href":"https:\/\/mariamorenoarte.com\/en\/wp-json\/wp\/v2\/types\/page"}],"author":[{"embeddable":true,"href":"https:\/\/mariamorenoarte.com\/en\/wp-json\/wp\/v2\/users\/1"}],"replies":[{"embeddable":true,"href":"https:\/\/mariamorenoarte.com\/en\/wp-json\/wp\/v2\/comments?post=321"}],"version-history":[{"count":13,"href":"https:\/\/mariamorenoarte.com\/en\/wp-json\/wp\/v2\/pages\/321\/revisions"}],"predecessor-version":[{"id":2163,"href":"https:\/\/mariamorenoarte.com\/en\/wp-json\/wp\/v2\/pages\/321\/revisions\/2163"}],"wp:attachment":[{"href":"https:\/\/mariamorenoarte.com\/en\/wp-json\/wp\/v2\/media?parent=321"}],"curies":[{"name":"wp","href":"https:\/\/api.w.org\/{rel}","templated":true}]}}